{"id":2472,"date":"2017-07-31T09:52:00","date_gmt":"2017-07-31T13:52:00","guid":{"rendered":"http:\/\/www.namonarchs.org\/?page_id=2472\/"},"modified":"2025-03-07T15:25:22","modified_gmt":"2025-03-07T20:25:22","slug":"actua-hoy","status":"publish","type":"page","link":"https:\/\/www.namonarchs.org\/es\/actua-hoy\/","title":{"rendered":"Act\u00faa hoy"},"content":{"rendered":"<h3><strong><em>\u00a1\u00danase a las iniciativas de alcance subcontinental en favor de la ic\u00f3nica mariposa y su h\u00e1bitat!<\/em><\/strong><\/h3>\n<div id=\"metaslider-id-7112\" style=\"width: 100%; margin: 0 auto;\" class=\"ml-slider-3-109-0 metaslider metaslider-flex metaslider-7112 ml-slider has-dots-nav ms-theme-default-base\" role=\"region\" aria-label=\"10 Cosas Slideshow\" data-height=\"423\" data-width=\"834\">\n    <div id=\"metaslider_container_7112\">\n        <div id=\"metaslider_7112\">\n            <ul class='slides'>\n                <li style=\"display: block; width: 100%;\" class=\"slide-7113 ms-image \" aria-roledescription=\"slide\" data-date=\"2025-03-07 15:10:57\" data-filename=\"slide-es-0-834x423.jpg\" data-slide-type=\"image\"><img loading=\"lazy\" decoding=\"async\" src=\"https:\/\/www.namonarchs.org\/wp-content\/uploads\/2017\/06\/slide-es-0-834x423.jpg\" height=\"423\" width=\"834\" alt=\"\u00a1\u00danase a las iniciativas de alcance subcontinental en favor de la ic\u00f3nica mariposa y su h\u00e1bitat!\" class=\"slider-7112 slide-7113 msDefaultImage\" title=\"Diez formas de contribuir a la conservaci\u00f3n de la mariposa monarca\" \/><\/li>\n                <li style=\"display: none; width: 100%;\" class=\"slide-7114 ms-image \" aria-roledescription=\"slide\" data-date=\"2025-03-07 15:10:57\" data-filename=\"slide-es-1-834x423.jpg\" data-slide-type=\"image\"><img loading=\"lazy\" decoding=\"async\" src=\"https:\/\/www.namonarchs.org\/wp-content\/uploads\/2017\/06\/slide-es-1-834x423.jpg\" height=\"423\" width=\"834\" alt=\"\" class=\"slider-7112 slide-7114 msDefaultImage\" title=\"slide-es-1\" \/><\/li>\n                <li style=\"display: none; width: 100%;\" class=\"slide-7115 ms-image \" aria-roledescription=\"slide\" data-date=\"2025-03-07 15:10:57\" data-filename=\"slide-es-2-834x423.jpg\" data-slide-type=\"image\"><img loading=\"lazy\" decoding=\"async\" src=\"https:\/\/www.namonarchs.org\/wp-content\/uploads\/2017\/06\/slide-es-2-834x423.jpg\" height=\"423\" width=\"834\" alt=\"\" class=\"slider-7112 slide-7115 msDefaultImage\" title=\"slide-es-2\" \/><\/li>\n                <li style=\"display: none; width: 100%;\" class=\"slide-7116 ms-image \" aria-roledescription=\"slide\" data-date=\"2025-03-07 15:10:57\" data-filename=\"slide-es-3-834x423.jpg\" data-slide-type=\"image\"><img loading=\"lazy\" decoding=\"async\" src=\"https:\/\/www.namonarchs.org\/wp-content\/uploads\/2017\/06\/slide-es-3-834x423.jpg\" height=\"423\" width=\"834\" alt=\"\" class=\"slider-7112 slide-7116 msDefaultImage\" title=\"slide-es-3\" \/><\/li>\n                <li style=\"display: none; width: 100%;\" class=\"slide-7117 ms-image \" aria-roledescription=\"slide\" data-date=\"2025-03-07 15:10:57\" data-filename=\"slide-es-4-834x423.jpg\" data-slide-type=\"image\"><img loading=\"lazy\" decoding=\"async\" src=\"https:\/\/www.namonarchs.org\/wp-content\/uploads\/2017\/06\/slide-es-4-834x423.jpg\" height=\"423\" width=\"834\" alt=\"\" class=\"slider-7112 slide-7117 msDefaultImage\" title=\"slide-es-4\" \/><\/li>\n                <li style=\"display: none; width: 100%;\" class=\"slide-7118 ms-image \" aria-roledescription=\"slide\" data-date=\"2025-03-07 15:10:57\" data-filename=\"slide-es-5-834x423.jpg\" data-slide-type=\"image\"><img loading=\"lazy\" decoding=\"async\" src=\"https:\/\/www.namonarchs.org\/wp-content\/uploads\/2017\/06\/slide-es-5-834x423.jpg\" height=\"423\" width=\"834\" alt=\"\" class=\"slider-7112 slide-7118 msDefaultImage\" title=\"slide-es-5\" \/><\/li>\n                <li style=\"display: none; width: 100%;\" class=\"slide-7119 ms-image \" aria-roledescription=\"slide\" data-date=\"2025-03-07 15:10:57\" data-filename=\"slide-es-6-834x423.jpg\" data-slide-type=\"image\"><img loading=\"lazy\" decoding=\"async\" src=\"https:\/\/www.namonarchs.org\/wp-content\/uploads\/2017\/06\/slide-es-6-834x423.jpg\" height=\"423\" width=\"834\" alt=\"\" class=\"slider-7112 slide-7119 msDefaultImage\" title=\"slide-es-6\" \/><\/li>\n                <li style=\"display: none; width: 100%;\" class=\"slide-7120 ms-image \" aria-roledescription=\"slide\" data-date=\"2025-03-07 15:10:57\" data-filename=\"slide-es-7-834x423.jpg\" data-slide-type=\"image\"><img loading=\"lazy\" decoding=\"async\" src=\"https:\/\/www.namonarchs.org\/wp-content\/uploads\/2017\/06\/slide-es-7-834x423.jpg\" height=\"423\" width=\"834\" alt=\"\" class=\"slider-7112 slide-7120 msDefaultImage\" title=\"slide-es-7\" \/><\/li>\n                <li style=\"display: none; width: 100%;\" class=\"slide-7121 ms-image \" aria-roledescription=\"slide\" data-date=\"2025-03-07 15:10:57\" data-filename=\"slide-es-8-834x423.jpg\" data-slide-type=\"image\"><img loading=\"lazy\" decoding=\"async\" src=\"https:\/\/www.namonarchs.org\/wp-content\/uploads\/2017\/06\/slide-es-8-834x423.jpg\" height=\"423\" width=\"834\" alt=\"\" class=\"slider-7112 slide-7121 msDefaultImage\" title=\"slide-es-8\" \/><\/li>\n                <li style=\"display: none; width: 100%;\" class=\"slide-7122 ms-image \" aria-roledescription=\"slide\" data-date=\"2025-03-07 15:10:57\" data-filename=\"slide-es-9-834x423.jpg\" data-slide-type=\"image\"><img loading=\"lazy\" decoding=\"async\" src=\"https:\/\/www.namonarchs.org\/wp-content\/uploads\/2017\/06\/slide-es-9-834x423.jpg\" height=\"423\" width=\"834\" alt=\"\" class=\"slider-7112 slide-7122 msDefaultImage\" title=\"slide-es-9\" \/><\/li>\n                <li style=\"display: none; width: 100%;\" class=\"slide-7123 ms-image \" aria-roledescription=\"slide\" data-date=\"2025-03-07 15:10:57\" data-filename=\"slide-es-10-834x423.jpg\" data-slide-type=\"image\"><img loading=\"lazy\" decoding=\"async\" src=\"https:\/\/www.namonarchs.org\/wp-content\/uploads\/2017\/06\/slide-es-10-834x423.jpg\" height=\"423\" width=\"834\" alt=\"\" class=\"slider-7112 slide-7123 msDefaultImage\" title=\"slide-es-10\" \/><\/li>\n            <\/ul>\n        <div class='flex-progress-bar'><\/div>\n        <\/div>\n        \n    <\/div>\n<\/div>\n<p>Nuestra campa\u00f1a\u00a0<em>10 cosas que puedes hacer para salvar a la mariposa monarca<\/em>\u00a0busca motivar a los habitantes de los tres pa\u00edses de Am\u00e9rica del Norte para que refuercen su v\u00ednculo con la naturaleza, participando en iniciativas de monitoreo, educaci\u00f3n y conservaci\u00f3n de la monarca.<\/p>\n<p>Si desea conocer m\u00e1s acerca de nuestro trabajo en favor de la conservaci\u00f3n de la mariposa, visite:\u00a0<a class=\"orange-link\" href=\"http:\/\/www.cec.org\/monarca\">www.cec.org\/monarca<\/a>.<\/p>\n<p class=\"btn--success\" style=\"text-align: left;\"><a href=\"https:\/\/youtu.be\/xPEzJS4Dn90\">Ver nuestro video<\/a><\/p>\n","protected":false},"excerpt":{"rendered":"<p>\u00a1\u00danase a las iniciativas de alcance subcontinental en favor de la ic\u00f3nica mariposa y su h\u00e1bitat! Nuestra campa\u00f1a\u00a010 cosas que puedes hacer para salvar a la mariposa monarca\u00a0busca motivar a los habitantes de los tres pa\u00edses de Am\u00e9rica del Norte para que refuercen su v\u00ednculo con la naturaleza, participando en iniciativas de monitoreo, educaci\u00f3n y [&hellip;]<\/p>\n","protected":false},"author":1,"featured_media":0,"parent":0,"menu_order":0,"comment_status":"closed","ping_status":"closed","template":"page-tool.php","meta":{"_acf_changed":false,"footnotes":""},"class_list":["post-2472","page","type-page","status-publish","hentry"],"acf":[],"yoast_head":"<!-- This site is optimized with the Yoast SEO plugin v27.6 - https:\/\/yoast.com\/product\/yoast-seo-wordpress\/ -->\n<title>Act\u00faa hoy - Herramientas para la conservaci\u00f3n de la mariposa monarca<\/title>\n<meta name=\"robots\" content=\"index, follow, max-snippet:-1, max-image-preview:large, max-video-preview:-1\" \/>\n<link rel=\"canonical\" href=\"https:\/\/www.namonarchs.org\/es\/actua-hoy\/\" \/>\n<meta property=\"og:locale\" content=\"es_MX\" \/>\n<meta property=\"og:type\" content=\"article\" \/>\n<meta property=\"og:title\" content=\"Act\u00faa hoy - Herramientas para la conservaci\u00f3n de la mariposa monarca\" \/>\n<meta property=\"og:description\" content=\"\u00a1\u00danase a las iniciativas de alcance subcontinental en favor de la ic\u00f3nica mariposa y su h\u00e1bitat! Nuestra campa\u00f1a\u00a010 cosas que puedes hacer para salvar a la mariposa monarca\u00a0busca motivar a los habitantes de los tres pa\u00edses de Am\u00e9rica del Norte para que refuercen su v\u00ednculo con la naturaleza, participando en iniciativas de monitoreo, educaci\u00f3n y [&hellip;]\" \/>\n<meta property=\"og:url\" content=\"https:\/\/www.namonarchs.org\/es\/actua-hoy\/\" \/>\n<meta property=\"og:site_name\" content=\"Herramientas para la conservaci\u00f3n de la mariposa monarca\" \/>\n<meta property=\"article:modified_time\" content=\"2025-03-07T20:25:22+00:00\" \/>\n<meta name=\"twitter:card\" content=\"summary_large_image\" \/>\n<meta name=\"twitter:label1\" content=\"Tiempo de lectura\" \/>\n\t<meta name=\"twitter:data1\" content=\"1 minuto\" \/>\n<script type=\"application\/ld+json\" class=\"yoast-schema-graph\">{\"@context\":\"https:\\\/\\\/schema.org\",\"@graph\":[{\"@type\":\"WebPage\",\"@id\":\"https:\\\/\\\/www.namonarchs.org\\\/es\\\/actua-hoy\\\/\",\"url\":\"https:\\\/\\\/www.namonarchs.org\\\/es\\\/actua-hoy\\\/\",\"name\":\"Act\u00faa hoy - Herramientas para la conservaci\u00f3n de la mariposa monarca\",\"isPartOf\":{\"@id\":\"https:\\\/\\\/www.namonarchs.org\\\/fr\\\/#website\"},\"datePublished\":\"2017-07-31T13:52:00+00:00\",\"dateModified\":\"2025-03-07T20:25:22+00:00\",\"breadcrumb\":{\"@id\":\"https:\\\/\\\/www.namonarchs.org\\\/es\\\/actua-hoy\\\/#breadcrumb\"},\"inLanguage\":\"es\",\"potentialAction\":[{\"@type\":\"ReadAction\",\"target\":[\"https:\\\/\\\/www.namonarchs.org\\\/es\\\/actua-hoy\\\/\"]}]},{\"@type\":\"BreadcrumbList\",\"@id\":\"https:\\\/\\\/www.namonarchs.org\\\/es\\\/actua-hoy\\\/#breadcrumb\",\"itemListElement\":[{\"@type\":\"ListItem\",\"position\":1,\"name\":\"Home\",\"item\":\"https:\\\/\\\/www.namonarchs.org\\\/es\\\/\"},{\"@type\":\"ListItem\",\"position\":2,\"name\":\"Act\u00faa hoy\"}]},{\"@type\":\"WebSite\",\"@id\":\"https:\\\/\\\/www.namonarchs.org\\\/fr\\\/#website\",\"url\":\"https:\\\/\\\/www.namonarchs.org\\\/fr\\\/\",\"name\":\"Herramientas para la conservaci\u00f3n de la mariposa monarca\",\"description\":\"Monarch conservation temporary subtitle\",\"potentialAction\":[{\"@type\":\"SearchAction\",\"target\":{\"@type\":\"EntryPoint\",\"urlTemplate\":\"https:\\\/\\\/www.namonarchs.org\\\/fr\\\/?s={search_term_string}\"},\"query-input\":{\"@type\":\"PropertyValueSpecification\",\"valueRequired\":true,\"valueName\":\"search_term_string\"}}],\"inLanguage\":\"es\"}]}<\/script>\n<!-- \/ Yoast SEO plugin. -->","yoast_head_json":{"title":"Act\u00faa hoy - Herramientas para la conservaci\u00f3n de la mariposa monarca","robots":{"index":"index","follow":"follow","max-snippet":"max-snippet:-1","max-image-preview":"max-image-preview:large","max-video-preview":"max-video-preview:-1"},"canonical":"https:\/\/www.namonarchs.org\/es\/actua-hoy\/","og_locale":"es_MX","og_type":"article","og_title":"Act\u00faa hoy - Herramientas para la conservaci\u00f3n de la mariposa monarca","og_description":"\u00a1\u00danase a las iniciativas de alcance subcontinental en favor de la ic\u00f3nica mariposa y su h\u00e1bitat! Nuestra campa\u00f1a\u00a010 cosas que puedes hacer para salvar a la mariposa monarca\u00a0busca motivar a los habitantes de los tres pa\u00edses de Am\u00e9rica del Norte para que refuercen su v\u00ednculo con la naturaleza, participando en iniciativas de monitoreo, educaci\u00f3n y [&hellip;]","og_url":"https:\/\/www.namonarchs.org\/es\/actua-hoy\/","og_site_name":"Herramientas para la conservaci\u00f3n de la mariposa monarca","article_modified_time":"2025-03-07T20:25:22+00:00","twitter_card":"summary_large_image","twitter_misc":{"Tiempo de lectura":"1 minuto"},"schema":{"@context":"https:\/\/schema.org","@graph":[{"@type":"WebPage","@id":"https:\/\/www.namonarchs.org\/es\/actua-hoy\/","url":"https:\/\/www.namonarchs.org\/es\/actua-hoy\/","name":"Act\u00faa hoy - Herramientas para la conservaci\u00f3n de la mariposa monarca","isPartOf":{"@id":"https:\/\/www.namonarchs.org\/fr\/#website"},"datePublished":"2017-07-31T13:52:00+00:00","dateModified":"2025-03-07T20:25:22+00:00","breadcrumb":{"@id":"https:\/\/www.namonarchs.org\/es\/actua-hoy\/#breadcrumb"},"inLanguage":"es","potentialAction":[{"@type":"ReadAction","target":["https:\/\/www.namonarchs.org\/es\/actua-hoy\/"]}]},{"@type":"BreadcrumbList","@id":"https:\/\/www.namonarchs.org\/es\/actua-hoy\/#breadcrumb","itemListElement":[{"@type":"ListItem","position":1,"name":"Home","item":"https:\/\/www.namonarchs.org\/es\/"},{"@type":"ListItem","position":2,"name":"Act\u00faa hoy"}]},{"@type":"WebSite","@id":"https:\/\/www.namonarchs.org\/fr\/#website","url":"https:\/\/www.namonarchs.org\/fr\/","name":"Herramientas para la conservaci\u00f3n de la mariposa monarca","description":"Monarch conservation temporary subtitle","potentialAction":[{"@type":"SearchAction","target":{"@type":"EntryPoint","urlTemplate":"https:\/\/www.namonarchs.org\/fr\/?s={search_term_string}"},"query-input":{"@type":"PropertyValueSpecification","valueRequired":true,"valueName":"search_term_string"}}],"inLanguage":"es"}]}},"_links":{"self":[{"href":"https:\/\/www.namonarchs.org\/es\/wp-json\/wp\/v2\/pages\/2472","targetHints":{"allow":["GET"]}}],"collection":[{"href":"https:\/\/www.namonarchs.org\/es\/wp-json\/wp\/v2\/pages"}],"about":[{"href":"https:\/\/www.namonarchs.org\/es\/wp-json\/wp\/v2\/types\/page"}],"author":[{"embeddable":true,"href":"https:\/\/www.namonarchs.org\/es\/wp-json\/wp\/v2\/users\/1"}],"replies":[{"embeddable":true,"href":"https:\/\/www.namonarchs.org\/es\/wp-json\/wp\/v2\/comments?post=2472"}],"version-history":[{"count":1,"href":"https:\/\/www.namonarchs.org\/es\/wp-json\/wp\/v2\/pages\/2472\/revisions"}],"predecessor-version":[{"id":7124,"href":"https:\/\/www.namonarchs.org\/es\/wp-json\/wp\/v2\/pages\/2472\/revisions\/7124"}],"wp:attachment":[{"href":"https:\/\/www.namonarchs.org\/es\/wp-json\/wp\/v2\/media?parent=2472"}],"curies":[{"name":"wp","href":"https:\/\/api.w.org\/{rel}","templated":true}]}}