{"id":2750,"date":"2017-08-01T15:07:32","date_gmt":"2017-08-01T19:07:32","guid":{"rendered":"http:\/\/www.namonarchs.org\/?page_id=2750\/"},"modified":"2017-12-04T16:09:22","modified_gmt":"2017-12-04T21:09:22","slug":"migracion-de-la-monarca","status":"publish","type":"page","link":"https:\/\/www.namonarchs.org\/es\/migracion-de-la-monarca\/","title":{"rendered":"Migraci\u00f3n de la mariposa monarca"},"content":{"rendered":"<div class=\"intro-text\">\n<h3 class=\"headline-primary--grouped\">Con un peso inferior a un gramo, las mariposas monarca participan en un asombroso proceso<\/h3>\n<p class=\"headline-secondary--grouped\">de migraci\u00f3n multigeneracional que puede extenderse por los tres pa\u00edses de Am\u00e9rica del Norte, con distancias de hasta 5 mil kil\u00f3metros. Se reconocen dos rutas migratorias: la oriental y la occidental.<\/p>\n<\/div>\n<p><strong>La migraci\u00f3n oriental<\/strong><\/p>\n<p>Las mariposas de la primera generaci\u00f3n, cr\u00edas de las monarca que hibernan, nacen en el norte de M\u00e9xico y el sur de Estados Unidos, y emprenden el vuelo hacia el norte.<\/p>\n<p>Las mariposas de la segunda generaci\u00f3n nacen en la regi\u00f3n central de Estados Unidos y migran hacia el norte.<\/p>\n<p>Los individuos de la tercera generaci\u00f3n nacen en la parte septentrional del rango de distribuci\u00f3n de la especie. Suelen eclosionar con suficiente tiempo para producir otra generaci\u00f3n de verano (cuarta generaci\u00f3n), o si emergen m\u00e1s tarde, son ellos mismos quienes migran a los sitios de hibernaci\u00f3n en M\u00e9xico.<\/p>\n<p>Las mariposas monarca de la cuarta generaci\u00f3n viven hasta nueve meses. Luego de entrar en una diapausa reproductiva, emprenden un viaje de hasta 5,000 kil\u00f3metros a sitios espec\u00edficos de bosques perennifolios en M\u00e9xico, donde hibernan cerca de cuatro meses antes de emprender el vuelo hacia el norte para depositar sus huevos en el norte de M\u00e9xico y sur de Estados Unidos y, as\u00ed, dar paso a la primera generaci\u00f3n.<\/p>\n<p><strong>La migraci\u00f3n occidental<\/strong><\/p>\n<p>Las mariposas monarca que viven en el oeste de Estados Unidos, sobre todo en California, Nevada, Idaho y Oreg\u00f3n, comienzan a migrar a finales de octubre hacia sus refugios invernales en bosques de eucalipto, cipr\u00e9s de Monterrey y pino insigne a lo largo de la costa del Pac\u00edfico en California. A la fecha, la informaci\u00f3n de que se dispone sobre esta ruta migratoria es escasa.<\/p>\n<p><strong><em>Descripci\u00f3n basada en informaci\u00f3n de <a href=\"https:\/\/monarchlab.org\/biology-and-research\/biology-and-natural-history\/breeding-life-cycle\/annual-life-cycle\/\">Monarch Lab<\/a><\/em><\/strong><\/p>\n","protected":false},"excerpt":{"rendered":"<p>Con un peso inferior a un gramo, las mariposas monarca participan en un asombroso proceso de migraci\u00f3n multigeneracional que puede extenderse por los tres pa\u00edses de Am\u00e9rica del Norte, con distancias de hasta 5 mil kil\u00f3metros. Se reconocen dos rutas migratorias: la oriental y la occidental. La migraci\u00f3n oriental Las mariposas de la primera generaci\u00f3n, [&hellip;]<\/p>\n","protected":false},"author":1,"featured_media":7013,"parent":0,"menu_order":0,"comment_status":"closed","ping_status":"closed","template":"page-migration.php","meta":{"_acf_changed":false,"footnotes":""},"class_list":["post-2750","page","type-page","status-publish","has-post-thumbnail","hentry"],"acf":[],"yoast_head":"<!-- This site is optimized with the Yoast SEO plugin v27.4 - https:\/\/yoast.com\/product\/yoast-seo-wordpress\/ -->\n<title>Migraci\u00f3n de la mariposa monarca - Herramientas para la conservaci\u00f3n de la mariposa monarca<\/title>\n<meta name=\"robots\" content=\"index, follow, max-snippet:-1, max-image-preview:large, max-video-preview:-1\" \/>\n<link rel=\"canonical\" href=\"https:\/\/www.namonarchs.org\/es\/migracion-de-la-monarca\/\" \/>\n<meta property=\"og:locale\" content=\"es_MX\" \/>\n<meta property=\"og:type\" content=\"article\" \/>\n<meta property=\"og:title\" content=\"Migraci\u00f3n de la mariposa monarca - Herramientas para la conservaci\u00f3n de la mariposa monarca\" \/>\n<meta property=\"og:description\" content=\"Con un peso inferior a un gramo, las mariposas monarca participan en un asombroso proceso de migraci\u00f3n multigeneracional que puede extenderse por los tres pa\u00edses de Am\u00e9rica del Norte, con distancias de hasta 5 mil kil\u00f3metros. Se reconocen dos rutas migratorias: la oriental y la occidental. La migraci\u00f3n oriental Las mariposas de la primera generaci\u00f3n, [&hellip;]\" \/>\n<meta property=\"og:url\" content=\"https:\/\/www.namonarchs.org\/es\/migracion-de-la-monarca\/\" \/>\n<meta property=\"og:site_name\" content=\"Herramientas para la conservaci\u00f3n de la mariposa monarca\" \/>\n<meta property=\"article:modified_time\" content=\"2017-12-04T21:09:22+00:00\" \/>\n<meta property=\"og:image\" content=\"https:\/\/www.namonarchs.org\/wp-content\/uploads\/2025\/02\/monarchs-migration-banner-scaled.webp\" \/>\n\t<meta property=\"og:image:width\" content=\"2560\" \/>\n\t<meta property=\"og:image:height\" content=\"372\" \/>\n\t<meta property=\"og:image:type\" content=\"image\/webp\" \/>\n<meta name=\"twitter:card\" content=\"summary_large_image\" \/>\n<meta name=\"twitter:label1\" content=\"Tiempo de lectura\" \/>\n\t<meta name=\"twitter:data1\" content=\"2 minutos\" \/>\n<script type=\"application\/ld+json\" class=\"yoast-schema-graph\">{\"@context\":\"https:\\\/\\\/schema.org\",\"@graph\":[{\"@type\":\"WebPage\",\"@id\":\"https:\\\/\\\/www.namonarchs.org\\\/es\\\/migracion-de-la-monarca\\\/\",\"url\":\"https:\\\/\\\/www.namonarchs.org\\\/es\\\/migracion-de-la-monarca\\\/\",\"name\":\"Migraci\u00f3n de la mariposa monarca - Herramientas para la conservaci\u00f3n de la mariposa monarca\",\"isPartOf\":{\"@id\":\"https:\\\/\\\/www.namonarchs.org\\\/fr\\\/#website\"},\"primaryImageOfPage\":{\"@id\":\"https:\\\/\\\/www.namonarchs.org\\\/es\\\/migracion-de-la-monarca\\\/#primaryimage\"},\"image\":{\"@id\":\"https:\\\/\\\/www.namonarchs.org\\\/es\\\/migracion-de-la-monarca\\\/#primaryimage\"},\"thumbnailUrl\":\"https:\\\/\\\/www.namonarchs.org\\\/wp-content\\\/uploads\\\/2025\\\/02\\\/monarchs-migration-banner-scaled.webp\",\"datePublished\":\"2017-08-01T19:07:32+00:00\",\"dateModified\":\"2017-12-04T21:09:22+00:00\",\"breadcrumb\":{\"@id\":\"https:\\\/\\\/www.namonarchs.org\\\/es\\\/migracion-de-la-monarca\\\/#breadcrumb\"},\"inLanguage\":\"es\",\"potentialAction\":[{\"@type\":\"ReadAction\",\"target\":[\"https:\\\/\\\/www.namonarchs.org\\\/es\\\/migracion-de-la-monarca\\\/\"]}]},{\"@type\":\"ImageObject\",\"inLanguage\":\"es\",\"@id\":\"https:\\\/\\\/www.namonarchs.org\\\/es\\\/migracion-de-la-monarca\\\/#primaryimage\",\"url\":\"https:\\\/\\\/www.namonarchs.org\\\/wp-content\\\/uploads\\\/2025\\\/02\\\/monarchs-migration-banner-scaled.webp\",\"contentUrl\":\"https:\\\/\\\/www.namonarchs.org\\\/wp-content\\\/uploads\\\/2025\\\/02\\\/monarchs-migration-banner-scaled.webp\",\"width\":2560,\"height\":372},{\"@type\":\"BreadcrumbList\",\"@id\":\"https:\\\/\\\/www.namonarchs.org\\\/es\\\/migracion-de-la-monarca\\\/#breadcrumb\",\"itemListElement\":[{\"@type\":\"ListItem\",\"position\":1,\"name\":\"Home\",\"item\":\"https:\\\/\\\/www.namonarchs.org\\\/es\\\/\"},{\"@type\":\"ListItem\",\"position\":2,\"name\":\"Migraci\u00f3n de la mariposa monarca\"}]},{\"@type\":\"WebSite\",\"@id\":\"https:\\\/\\\/www.namonarchs.org\\\/fr\\\/#website\",\"url\":\"https:\\\/\\\/www.namonarchs.org\\\/fr\\\/\",\"name\":\"Herramientas para la conservaci\u00f3n de la mariposa monarca\",\"description\":\"Monarch conservation temporary subtitle\",\"potentialAction\":[{\"@type\":\"SearchAction\",\"target\":{\"@type\":\"EntryPoint\",\"urlTemplate\":\"https:\\\/\\\/www.namonarchs.org\\\/fr\\\/?s={search_term_string}\"},\"query-input\":{\"@type\":\"PropertyValueSpecification\",\"valueRequired\":true,\"valueName\":\"search_term_string\"}}],\"inLanguage\":\"es\"}]}<\/script>\n<!-- \/ Yoast SEO plugin. -->","yoast_head_json":{"title":"Migraci\u00f3n de la mariposa monarca - Herramientas para la conservaci\u00f3n de la mariposa monarca","robots":{"index":"index","follow":"follow","max-snippet":"max-snippet:-1","max-image-preview":"max-image-preview:large","max-video-preview":"max-video-preview:-1"},"canonical":"https:\/\/www.namonarchs.org\/es\/migracion-de-la-monarca\/","og_locale":"es_MX","og_type":"article","og_title":"Migraci\u00f3n de la mariposa monarca - Herramientas para la conservaci\u00f3n de la mariposa monarca","og_description":"Con un peso inferior a un gramo, las mariposas monarca participan en un asombroso proceso de migraci\u00f3n multigeneracional que puede extenderse por los tres pa\u00edses de Am\u00e9rica del Norte, con distancias de hasta 5 mil kil\u00f3metros. Se reconocen dos rutas migratorias: la oriental y la occidental. La migraci\u00f3n oriental Las mariposas de la primera generaci\u00f3n, [&hellip;]","og_url":"https:\/\/www.namonarchs.org\/es\/migracion-de-la-monarca\/","og_site_name":"Herramientas para la conservaci\u00f3n de la mariposa monarca","article_modified_time":"2017-12-04T21:09:22+00:00","og_image":[{"width":2560,"height":372,"url":"https:\/\/www.namonarchs.org\/wp-content\/uploads\/2025\/02\/monarchs-migration-banner-scaled.webp","type":"image\/webp"}],"twitter_card":"summary_large_image","twitter_misc":{"Tiempo de lectura":"2 minutos"},"schema":{"@context":"https:\/\/schema.org","@graph":[{"@type":"WebPage","@id":"https:\/\/www.namonarchs.org\/es\/migracion-de-la-monarca\/","url":"https:\/\/www.namonarchs.org\/es\/migracion-de-la-monarca\/","name":"Migraci\u00f3n de la mariposa monarca - Herramientas para la conservaci\u00f3n de la mariposa monarca","isPartOf":{"@id":"https:\/\/www.namonarchs.org\/fr\/#website"},"primaryImageOfPage":{"@id":"https:\/\/www.namonarchs.org\/es\/migracion-de-la-monarca\/#primaryimage"},"image":{"@id":"https:\/\/www.namonarchs.org\/es\/migracion-de-la-monarca\/#primaryimage"},"thumbnailUrl":"https:\/\/www.namonarchs.org\/wp-content\/uploads\/2025\/02\/monarchs-migration-banner-scaled.webp","datePublished":"2017-08-01T19:07:32+00:00","dateModified":"2017-12-04T21:09:22+00:00","breadcrumb":{"@id":"https:\/\/www.namonarchs.org\/es\/migracion-de-la-monarca\/#breadcrumb"},"inLanguage":"es","potentialAction":[{"@type":"ReadAction","target":["https:\/\/www.namonarchs.org\/es\/migracion-de-la-monarca\/"]}]},{"@type":"ImageObject","inLanguage":"es","@id":"https:\/\/www.namonarchs.org\/es\/migracion-de-la-monarca\/#primaryimage","url":"https:\/\/www.namonarchs.org\/wp-content\/uploads\/2025\/02\/monarchs-migration-banner-scaled.webp","contentUrl":"https:\/\/www.namonarchs.org\/wp-content\/uploads\/2025\/02\/monarchs-migration-banner-scaled.webp","width":2560,"height":372},{"@type":"BreadcrumbList","@id":"https:\/\/www.namonarchs.org\/es\/migracion-de-la-monarca\/#breadcrumb","itemListElement":[{"@type":"ListItem","position":1,"name":"Home","item":"https:\/\/www.namonarchs.org\/es\/"},{"@type":"ListItem","position":2,"name":"Migraci\u00f3n de la mariposa monarca"}]},{"@type":"WebSite","@id":"https:\/\/www.namonarchs.org\/fr\/#website","url":"https:\/\/www.namonarchs.org\/fr\/","name":"Herramientas para la conservaci\u00f3n de la mariposa monarca","description":"Monarch conservation temporary subtitle","potentialAction":[{"@type":"SearchAction","target":{"@type":"EntryPoint","urlTemplate":"https:\/\/www.namonarchs.org\/fr\/?s={search_term_string}"},"query-input":{"@type":"PropertyValueSpecification","valueRequired":true,"valueName":"search_term_string"}}],"inLanguage":"es"}]}},"_links":{"self":[{"href":"https:\/\/www.namonarchs.org\/es\/wp-json\/wp\/v2\/pages\/2750","targetHints":{"allow":["GET"]}}],"collection":[{"href":"https:\/\/www.namonarchs.org\/es\/wp-json\/wp\/v2\/pages"}],"about":[{"href":"https:\/\/www.namonarchs.org\/es\/wp-json\/wp\/v2\/types\/page"}],"author":[{"embeddable":true,"href":"https:\/\/www.namonarchs.org\/es\/wp-json\/wp\/v2\/users\/1"}],"replies":[{"embeddable":true,"href":"https:\/\/www.namonarchs.org\/es\/wp-json\/wp\/v2\/comments?post=2750"}],"version-history":[{"count":0,"href":"https:\/\/www.namonarchs.org\/es\/wp-json\/wp\/v2\/pages\/2750\/revisions"}],"wp:featuredmedia":[{"embeddable":true,"href":"https:\/\/www.namonarchs.org\/es\/wp-json\/wp\/v2\/media\/7013"}],"wp:attachment":[{"href":"https:\/\/www.namonarchs.org\/es\/wp-json\/wp\/v2\/media?parent=2750"}],"curies":[{"name":"wp","href":"https:\/\/api.w.org\/{rel}","templated":true}]}}