{"id":3896,"date":"2017-09-20T15:13:22","date_gmt":"2017-09-20T19:13:22","guid":{"rendered":"http:\/\/www.namonarchs.org\/?page_id=3896"},"modified":"2018-03-09T12:16:44","modified_gmt":"2018-03-09T17:16:44","slug":"acerca-de-la-mariposa-monarca","status":"publish","type":"page","link":"https:\/\/www.namonarchs.org\/es\/acerca-de-la-mariposa-monarca\/","title":{"rendered":"La mariposa monarca"},"content":{"rendered":"<div class=\"about-species\">\n<div class=\"left\">\n<h3 class=\"headline-primary--grouped\">La mariposa monarca (<em>Danaus plexippus<\/em>), especie migratoria emblem\u00e1tica de Am\u00e9rica del Norte,<\/h3>\n<p class=\"headline-secondary--grouped\">viaja cada a\u00f1o a lo largo de dos rutas de migraci\u00f3n: la oriental y la occidental. Las mariposas de la ruta migratoria oriental abandonan durante la primavera sus sitios de hibernaci\u00f3n en los bosques de oyamel (<em>Abies religiosa<\/em>) de la zona central de M\u00e9xico y se dirigen hacia el noreste, hasta sus h\u00e1bitats de reproducci\u00f3n en el norte de este pa\u00eds, las regiones central y este de Estados Unidos y el sur de Canad\u00e1; luego, durante su migraci\u00f3n de oto\u00f1o, emprenden el vuelo de regreso hacia el sur, a los mismos sitios de hibernaci\u00f3n donde pasar\u00e1n el invierno.<\/p>\n<p>Al oeste de las Monta\u00f1as Rocallosas, poblaciones de monarca menos numerosas siguen la ruta migratoria occidental y migran hacia California, a lo largo de cuya costa hibernan.<\/p>\n<p>Durante este singular fen\u00f3meno migratorio, en el que participan m\u00faltiples generaciones, la mariposa monarca necesita plantas de algodoncillo o asclepia (<em>Asclepias<\/em> spp.), que emplea como hospederas y de las que se alimenta durante su reproducci\u00f3n, y tambi\u00e9n plantas con n\u00e9ctar para alimentarse en su etapa adulta.<\/p>\n<p>Sin embargo, en zonas agr\u00edcolas, gran parte del h\u00e1bitat de reproducci\u00f3n y alimentaci\u00f3n del que depende la monarca se ha perdido; por ello, las iniciativas de conservaci\u00f3n centradas en la creaci\u00f3n, restauraci\u00f3n o mejoramiento de h\u00e1bitat en tierras de cultivo brindan enorme<\/p>\n<\/div>\n<div class=\"right\">\n<h3 class=\"headline-primary--grouped\">Ciclo de vida<\/h3>\n<p>Los huevos son la primera etapa en la vida de la monarca. En su h\u00e1bitat natural, una hembra puede poner de 300 a 400 huevos en unas cuantas semanas, mismos que se convierten en orugas o larvas, cuya alimentaci\u00f3n depende exclusivamente de asclepias. Las orugas crecen con gran rapidez: en un periodo de entre nueve y quince d\u00edas, su masa se incrementa hasta 2,700 veces.<\/p>\n<p>Luego de pasar por cinco distintas fases larvarias o procesos de muda sucesivos, las orugas normalmente abandonan la planta de asclepia en la quinta fase larvaria para ir en busca de un sitio bien camuflado, a gran altura, donde se transforman en pupas o cris\u00e1lidas.<\/p>\n<p>Finalmente, entre ocho y quince d\u00edas despu\u00e9s, la mariposa adulta emerge de su capullo o cubierta pupal, lista para reproducirse. Una vez fertilizada, la hembra emprende el vuelo, en busca de plantas de asclepia donde depositar sus huevos. (Adaptaci\u00f3n a partir de informaci\u00f3n de <a href=\"http:\/\/www.mission-monarch.org\/es\/monarchs-biology\/life-cycle\/\">Misi\u00f3n Monarca<\/a>.)<\/p>\n<p><img loading=\"lazy\" decoding=\"async\" class=\"alignnone size-medium wp-image-6570\" src=\"http:\/\/www.namonarchs.org\/wp-content\/uploads\/2017\/12\/Life-cycle-mp-es.svg\" alt=\"\" width=\"1\" height=\"1\" \/><\/p>\n<\/div>\n<\/div>\n","protected":false},"excerpt":{"rendered":"<p>La mariposa monarca (Danaus plexippus), especie migratoria emblem\u00e1tica de Am\u00e9rica del Norte, viaja cada a\u00f1o a lo largo de dos rutas de migraci\u00f3n: la oriental y la occidental. Las mariposas de la ruta migratoria oriental abandonan durante la primavera sus sitios de hibernaci\u00f3n en los bosques de oyamel (Abies religiosa) de la zona central de [&hellip;]<\/p>\n","protected":false},"author":1,"featured_media":6478,"parent":0,"menu_order":0,"comment_status":"closed","ping_status":"closed","template":"page-about.php","meta":{"_acf_changed":false,"footnotes":""},"class_list":["post-3896","page","type-page","status-publish","has-post-thumbnail","hentry"],"acf":[],"yoast_head":"<!-- This site is optimized with the Yoast SEO plugin v27.4 - https:\/\/yoast.com\/product\/yoast-seo-wordpress\/ -->\n<title>La mariposa monarca - Herramientas para la conservaci\u00f3n de la mariposa monarca<\/title>\n<meta name=\"robots\" content=\"index, follow, max-snippet:-1, max-image-preview:large, max-video-preview:-1\" \/>\n<link rel=\"canonical\" href=\"https:\/\/www.namonarchs.org\/es\/acerca-de-la-mariposa-monarca\/\" \/>\n<meta property=\"og:locale\" content=\"es_MX\" \/>\n<meta property=\"og:type\" content=\"article\" \/>\n<meta property=\"og:title\" content=\"La mariposa monarca - Herramientas para la conservaci\u00f3n de la mariposa monarca\" \/>\n<meta property=\"og:description\" content=\"La mariposa monarca (Danaus plexippus), especie migratoria emblem\u00e1tica de Am\u00e9rica del Norte, viaja cada a\u00f1o a lo largo de dos rutas de migraci\u00f3n: la oriental y la occidental. Las mariposas de la ruta migratoria oriental abandonan durante la primavera sus sitios de hibernaci\u00f3n en los bosques de oyamel (Abies religiosa) de la zona central de [&hellip;]\" \/>\n<meta property=\"og:url\" content=\"https:\/\/www.namonarchs.org\/es\/acerca-de-la-mariposa-monarca\/\" \/>\n<meta property=\"og:site_name\" content=\"Herramientas para la conservaci\u00f3n de la mariposa monarca\" \/>\n<meta property=\"article:modified_time\" content=\"2018-03-09T17:16:44+00:00\" \/>\n<meta property=\"og:image\" content=\"https:\/\/www.namonarchs.org\/wp-content\/uploads\/2017\/12\/monarch-migration-sp.jpg\" \/>\n\t<meta property=\"og:image:width\" content=\"1366\" \/>\n\t<meta property=\"og:image:height\" content=\"607\" \/>\n\t<meta property=\"og:image:type\" content=\"image\/jpeg\" \/>\n<meta name=\"twitter:card\" content=\"summary_large_image\" \/>\n<meta name=\"twitter:label1\" content=\"Tiempo de lectura\" \/>\n\t<meta name=\"twitter:data1\" content=\"2 minutos\" \/>\n<script type=\"application\/ld+json\" class=\"yoast-schema-graph\">{\"@context\":\"https:\\\/\\\/schema.org\",\"@graph\":[{\"@type\":\"WebPage\",\"@id\":\"https:\\\/\\\/www.namonarchs.org\\\/es\\\/acerca-de-la-mariposa-monarca\\\/\",\"url\":\"https:\\\/\\\/www.namonarchs.org\\\/es\\\/acerca-de-la-mariposa-monarca\\\/\",\"name\":\"La mariposa monarca - Herramientas para la conservaci\u00f3n de la mariposa monarca\",\"isPartOf\":{\"@id\":\"https:\\\/\\\/www.namonarchs.org\\\/fr\\\/#website\"},\"primaryImageOfPage\":{\"@id\":\"https:\\\/\\\/www.namonarchs.org\\\/es\\\/acerca-de-la-mariposa-monarca\\\/#primaryimage\"},\"image\":{\"@id\":\"https:\\\/\\\/www.namonarchs.org\\\/es\\\/acerca-de-la-mariposa-monarca\\\/#primaryimage\"},\"thumbnailUrl\":\"https:\\\/\\\/www.namonarchs.org\\\/wp-content\\\/uploads\\\/2017\\\/12\\\/monarch-migration-sp.jpg\",\"datePublished\":\"2017-09-20T19:13:22+00:00\",\"dateModified\":\"2018-03-09T17:16:44+00:00\",\"breadcrumb\":{\"@id\":\"https:\\\/\\\/www.namonarchs.org\\\/es\\\/acerca-de-la-mariposa-monarca\\\/#breadcrumb\"},\"inLanguage\":\"es\",\"potentialAction\":[{\"@type\":\"ReadAction\",\"target\":[\"https:\\\/\\\/www.namonarchs.org\\\/es\\\/acerca-de-la-mariposa-monarca\\\/\"]}]},{\"@type\":\"ImageObject\",\"inLanguage\":\"es\",\"@id\":\"https:\\\/\\\/www.namonarchs.org\\\/es\\\/acerca-de-la-mariposa-monarca\\\/#primaryimage\",\"url\":\"https:\\\/\\\/www.namonarchs.org\\\/wp-content\\\/uploads\\\/2017\\\/12\\\/monarch-migration-sp.jpg\",\"contentUrl\":\"https:\\\/\\\/www.namonarchs.org\\\/wp-content\\\/uploads\\\/2017\\\/12\\\/monarch-migration-sp.jpg\",\"width\":1366,\"height\":607},{\"@type\":\"BreadcrumbList\",\"@id\":\"https:\\\/\\\/www.namonarchs.org\\\/es\\\/acerca-de-la-mariposa-monarca\\\/#breadcrumb\",\"itemListElement\":[{\"@type\":\"ListItem\",\"position\":1,\"name\":\"Home\",\"item\":\"https:\\\/\\\/www.namonarchs.org\\\/es\\\/\"},{\"@type\":\"ListItem\",\"position\":2,\"name\":\"La mariposa monarca\"}]},{\"@type\":\"WebSite\",\"@id\":\"https:\\\/\\\/www.namonarchs.org\\\/fr\\\/#website\",\"url\":\"https:\\\/\\\/www.namonarchs.org\\\/fr\\\/\",\"name\":\"Herramientas para la conservaci\u00f3n de la mariposa monarca\",\"description\":\"Monarch conservation temporary subtitle\",\"potentialAction\":[{\"@type\":\"SearchAction\",\"target\":{\"@type\":\"EntryPoint\",\"urlTemplate\":\"https:\\\/\\\/www.namonarchs.org\\\/fr\\\/?s={search_term_string}\"},\"query-input\":{\"@type\":\"PropertyValueSpecification\",\"valueRequired\":true,\"valueName\":\"search_term_string\"}}],\"inLanguage\":\"es\"}]}<\/script>\n<!-- \/ Yoast SEO plugin. -->","yoast_head_json":{"title":"La mariposa monarca - Herramientas para la conservaci\u00f3n de la mariposa monarca","robots":{"index":"index","follow":"follow","max-snippet":"max-snippet:-1","max-image-preview":"max-image-preview:large","max-video-preview":"max-video-preview:-1"},"canonical":"https:\/\/www.namonarchs.org\/es\/acerca-de-la-mariposa-monarca\/","og_locale":"es_MX","og_type":"article","og_title":"La mariposa monarca - Herramientas para la conservaci\u00f3n de la mariposa monarca","og_description":"La mariposa monarca (Danaus plexippus), especie migratoria emblem\u00e1tica de Am\u00e9rica del Norte, viaja cada a\u00f1o a lo largo de dos rutas de migraci\u00f3n: la oriental y la occidental. Las mariposas de la ruta migratoria oriental abandonan durante la primavera sus sitios de hibernaci\u00f3n en los bosques de oyamel (Abies religiosa) de la zona central de [&hellip;]","og_url":"https:\/\/www.namonarchs.org\/es\/acerca-de-la-mariposa-monarca\/","og_site_name":"Herramientas para la conservaci\u00f3n de la mariposa monarca","article_modified_time":"2018-03-09T17:16:44+00:00","og_image":[{"width":1366,"height":607,"url":"https:\/\/www.namonarchs.org\/wp-content\/uploads\/2017\/12\/monarch-migration-sp.jpg","type":"image\/jpeg"}],"twitter_card":"summary_large_image","twitter_misc":{"Tiempo de lectura":"2 minutos"},"schema":{"@context":"https:\/\/schema.org","@graph":[{"@type":"WebPage","@id":"https:\/\/www.namonarchs.org\/es\/acerca-de-la-mariposa-monarca\/","url":"https:\/\/www.namonarchs.org\/es\/acerca-de-la-mariposa-monarca\/","name":"La mariposa monarca - Herramientas para la conservaci\u00f3n de la mariposa monarca","isPartOf":{"@id":"https:\/\/www.namonarchs.org\/fr\/#website"},"primaryImageOfPage":{"@id":"https:\/\/www.namonarchs.org\/es\/acerca-de-la-mariposa-monarca\/#primaryimage"},"image":{"@id":"https:\/\/www.namonarchs.org\/es\/acerca-de-la-mariposa-monarca\/#primaryimage"},"thumbnailUrl":"https:\/\/www.namonarchs.org\/wp-content\/uploads\/2017\/12\/monarch-migration-sp.jpg","datePublished":"2017-09-20T19:13:22+00:00","dateModified":"2018-03-09T17:16:44+00:00","breadcrumb":{"@id":"https:\/\/www.namonarchs.org\/es\/acerca-de-la-mariposa-monarca\/#breadcrumb"},"inLanguage":"es","potentialAction":[{"@type":"ReadAction","target":["https:\/\/www.namonarchs.org\/es\/acerca-de-la-mariposa-monarca\/"]}]},{"@type":"ImageObject","inLanguage":"es","@id":"https:\/\/www.namonarchs.org\/es\/acerca-de-la-mariposa-monarca\/#primaryimage","url":"https:\/\/www.namonarchs.org\/wp-content\/uploads\/2017\/12\/monarch-migration-sp.jpg","contentUrl":"https:\/\/www.namonarchs.org\/wp-content\/uploads\/2017\/12\/monarch-migration-sp.jpg","width":1366,"height":607},{"@type":"BreadcrumbList","@id":"https:\/\/www.namonarchs.org\/es\/acerca-de-la-mariposa-monarca\/#breadcrumb","itemListElement":[{"@type":"ListItem","position":1,"name":"Home","item":"https:\/\/www.namonarchs.org\/es\/"},{"@type":"ListItem","position":2,"name":"La mariposa monarca"}]},{"@type":"WebSite","@id":"https:\/\/www.namonarchs.org\/fr\/#website","url":"https:\/\/www.namonarchs.org\/fr\/","name":"Herramientas para la conservaci\u00f3n de la mariposa monarca","description":"Monarch conservation temporary subtitle","potentialAction":[{"@type":"SearchAction","target":{"@type":"EntryPoint","urlTemplate":"https:\/\/www.namonarchs.org\/fr\/?s={search_term_string}"},"query-input":{"@type":"PropertyValueSpecification","valueRequired":true,"valueName":"search_term_string"}}],"inLanguage":"es"}]}},"_links":{"self":[{"href":"https:\/\/www.namonarchs.org\/es\/wp-json\/wp\/v2\/pages\/3896","targetHints":{"allow":["GET"]}}],"collection":[{"href":"https:\/\/www.namonarchs.org\/es\/wp-json\/wp\/v2\/pages"}],"about":[{"href":"https:\/\/www.namonarchs.org\/es\/wp-json\/wp\/v2\/types\/page"}],"author":[{"embeddable":true,"href":"https:\/\/www.namonarchs.org\/es\/wp-json\/wp\/v2\/users\/1"}],"replies":[{"embeddable":true,"href":"https:\/\/www.namonarchs.org\/es\/wp-json\/wp\/v2\/comments?post=3896"}],"version-history":[{"count":0,"href":"https:\/\/www.namonarchs.org\/es\/wp-json\/wp\/v2\/pages\/3896\/revisions"}],"wp:featuredmedia":[{"embeddable":true,"href":"https:\/\/www.namonarchs.org\/es\/wp-json\/wp\/v2\/media\/6478"}],"wp:attachment":[{"href":"https:\/\/www.namonarchs.org\/es\/wp-json\/wp\/v2\/media?parent=3896"}],"curies":[{"name":"wp","href":"https:\/\/api.w.org\/{rel}","templated":true}]}}