{"id":4493,"date":"2017-09-22T16:15:50","date_gmt":"2017-09-22T20:15:50","guid":{"rendered":"http:\/\/www.namonarchs.org\/?page_id=4493"},"modified":"2017-12-04T14:00:33","modified_gmt":"2017-12-04T19:00:33","slug":"esta-herramienta","status":"publish","type":"page","link":"https:\/\/www.namonarchs.org\/es\/esta-herramienta\/","title":{"rendered":"Esta herramienta"},"content":{"rendered":"<div class=\"about-species\">\n<div class=\"left\">\n<h3 class=\"headline-primary--grouped\">Este conjunto de herramientas<\/h3>\n<p class=\"headline-secondary--grouped\">se dirige, sobre todo, a agricultores, otros propietarios particulares de tierras, especialistas en mariposas monarca y miembros del p\u00fablico en general interesados en la conservaci\u00f3n de esta especie. Adem\u00e1s, se espera que \u2014en apoyo de iniciativas futuras para la conservaci\u00f3n de la monarca\u2014 profesionales y responsables de la formulaci\u00f3n de pol\u00edticas identifiquen y reproduzcan pr\u00e1cticas, programas y proyectos que han demostrado obtener resultados satisfactorios.<\/p>\n<p>Este conjunto de herramientas incluye: mejores pr\u00e1cticas de manejo adoptadas en favor de la conservaci\u00f3n y restauraci\u00f3n de h\u00e1bitat de reproducci\u00f3n y alimentaci\u00f3n de la mariposa monarca a escala de Am\u00e9rica del Norte; programas de incentivos para la conservaci\u00f3n destinados a propietarios de tierras privadas, y proyectos piloto encaminados a restaurar, mejorar y manejar h\u00e1bitats de reproducci\u00f3n y de reposo de la monarca, a lo largo de su ruta migratoria, en Canad\u00e1, Estados Unidos y M\u00e9xico.<\/p>\n<p>Entre las <a href=\"https:\/\/www.namonarchs.org\/es\/category\/mejores-practicas-de-manejo\/\">mejores pr\u00e1cticas de manejo<\/a> se encuentran aquellas concebidas espec\u00edficamente para beneficiar a la mariposa monarca, como las actividades de propagaci\u00f3n de asclepias o protecci\u00f3n del h\u00e1bitat de reproducci\u00f3n, al igual que otras pr\u00e1cticas con gran potencial para proteger, mejorar o rehabilitar h\u00e1bitat de mariposa monarca, aun si se proponen fines m\u00e1s generales, como la restauraci\u00f3n de h\u00e1bitats de especies polinizadoras o de pastizales de pastos altos.<\/p>\n<\/div>\n<div class=\"right\">\n<p>Los <a href=\"https:\/\/www.namonarchs.org\/es\/category\/programas-de-incentivos\/\">programas de incentivos<\/a> incluyen est\u00edmulos para agricultores y otros propietarios particulares de tierras, y pueden otorgarse a manera de incentivos fiscales, apoyo econ\u00f3mico directo o asistencia t\u00e9cnica.<\/p>\n<p>Los <a href=\"https:\/\/www.namonarchs.org\/es\/category\/proyectos-piloto\/\">proyectos piloto<\/a> y las acciones encaminadas a fomentar la conservaci\u00f3n de la mariposa monarca incluyen numerosas iniciativas relacionadas espec\u00edficamente con la especie, como actividades o proyectos de restauraci\u00f3n de h\u00e1bitats de asclepias; seminarios web educativos y de divulgaci\u00f3n sobre la monarca, e investigaciones basadas en monitoreo de la mariposa y de asclepias. Tambi\u00e9n comprenden proyectos de mucho mayor alcance que indirectamente afectan el h\u00e1bitat de la monarca, como evaluaciones de semillas nativas y la elaboraci\u00f3n de directrices para la conservaci\u00f3n de especies polinizadoras dirigidas a administradores de tierras.<\/p>\n<p>La informaci\u00f3n que se ofrece en este conjunto de herramientas resulta de una tarea de compilaci\u00f3n realizada a partir del proyecto <em>Por una mayor participaci\u00f3n activa de agricultores y propietarios de tierras en favor de la conservaci\u00f3n de la mariposa monarca y especies polinizadoras<\/em>, del Plan Operativo 2015-2016 de la Comisi\u00f3n para la Cooperaci\u00f3n Ambiental (CCA), y se recopil\u00f3 en 2016, a partir de casi 250 fuentes.<\/p>\n<\/div>\n<\/div>\n","protected":false},"excerpt":{"rendered":"<p>Este conjunto de herramientas se dirige, sobre todo, a agricultores, otros propietarios particulares de tierras, especialistas en mariposas monarca y miembros del p\u00fablico en general interesados en la conservaci\u00f3n de esta especie. Adem\u00e1s, se espera que \u2014en apoyo de iniciativas futuras para la conservaci\u00f3n de la monarca\u2014 profesionales y responsables de la formulaci\u00f3n de pol\u00edticas [&hellip;]<\/p>\n","protected":false},"author":1,"featured_media":6469,"parent":0,"menu_order":0,"comment_status":"closed","ping_status":"closed","template":"page-tool.php","meta":{"_acf_changed":false,"footnotes":""},"class_list":["post-4493","page","type-page","status-publish","has-post-thumbnail","hentry"],"acf":[],"yoast_head":"<!-- This site is optimized with the Yoast SEO plugin v27.0 - https:\/\/yoast.com\/product\/yoast-seo-wordpress\/ -->\n<title>Esta herramienta - Herramientas para la conservaci\u00f3n de la mariposa monarca<\/title>\n<meta name=\"robots\" content=\"index, follow, max-snippet:-1, max-image-preview:large, max-video-preview:-1\" \/>\n<link rel=\"canonical\" href=\"https:\/\/www.namonarchs.org\/es\/esta-herramienta\/\" \/>\n<meta property=\"og:locale\" content=\"es_MX\" \/>\n<meta property=\"og:type\" content=\"article\" \/>\n<meta property=\"og:title\" content=\"Esta herramienta - Herramientas para la conservaci\u00f3n de la mariposa monarca\" \/>\n<meta property=\"og:description\" content=\"Este conjunto de herramientas se dirige, sobre todo, a agricultores, otros propietarios particulares de tierras, especialistas en mariposas monarca y miembros del p\u00fablico en general interesados en la conservaci\u00f3n de esta especie. Adem\u00e1s, se espera que \u2014en apoyo de iniciativas futuras para la conservaci\u00f3n de la monarca\u2014 profesionales y responsables de la formulaci\u00f3n de pol\u00edticas [&hellip;]\" \/>\n<meta property=\"og:url\" content=\"https:\/\/www.namonarchs.org\/es\/esta-herramienta\/\" \/>\n<meta property=\"og:site_name\" content=\"Herramientas para la conservaci\u00f3n de la mariposa monarca\" \/>\n<meta property=\"article:modified_time\" content=\"2017-12-04T19:00:33+00:00\" \/>\n<meta property=\"og:image\" content=\"https:\/\/www.namonarchs.org\/wp-content\/uploads\/2017\/12\/monarch-slides4-es.jpg\" \/>\n\t<meta property=\"og:image:width\" content=\"1366\" \/>\n\t<meta property=\"og:image:height\" content=\"607\" \/>\n\t<meta property=\"og:image:type\" content=\"image\/jpeg\" \/>\n<meta name=\"twitter:card\" content=\"summary_large_image\" \/>\n<meta name=\"twitter:label1\" content=\"Tiempo de lectura\" \/>\n\t<meta name=\"twitter:data1\" content=\"2 minutos\" \/>\n<script type=\"application\/ld+json\" class=\"yoast-schema-graph\">{\"@context\":\"https:\/\/schema.org\",\"@graph\":[{\"@type\":\"WebPage\",\"@id\":\"https:\/\/www.namonarchs.org\/es\/esta-herramienta\/\",\"url\":\"https:\/\/www.namonarchs.org\/es\/esta-herramienta\/\",\"name\":\"Esta herramienta - Herramientas para la conservaci\u00f3n de la mariposa monarca\",\"isPartOf\":{\"@id\":\"https:\/\/www.namonarchs.org\/fr\/#website\"},\"primaryImageOfPage\":{\"@id\":\"https:\/\/www.namonarchs.org\/es\/esta-herramienta\/#primaryimage\"},\"image\":{\"@id\":\"https:\/\/www.namonarchs.org\/es\/esta-herramienta\/#primaryimage\"},\"thumbnailUrl\":\"https:\/\/www.namonarchs.org\/wp-content\/uploads\/2017\/12\/monarch-slides4-es.jpg\",\"datePublished\":\"2017-09-22T20:15:50+00:00\",\"dateModified\":\"2017-12-04T19:00:33+00:00\",\"breadcrumb\":{\"@id\":\"https:\/\/www.namonarchs.org\/es\/esta-herramienta\/#breadcrumb\"},\"inLanguage\":\"es\",\"potentialAction\":[{\"@type\":\"ReadAction\",\"target\":[\"https:\/\/www.namonarchs.org\/es\/esta-herramienta\/\"]}]},{\"@type\":\"ImageObject\",\"inLanguage\":\"es\",\"@id\":\"https:\/\/www.namonarchs.org\/es\/esta-herramienta\/#primaryimage\",\"url\":\"https:\/\/www.namonarchs.org\/wp-content\/uploads\/2017\/12\/monarch-slides4-es.jpg\",\"contentUrl\":\"https:\/\/www.namonarchs.org\/wp-content\/uploads\/2017\/12\/monarch-slides4-es.jpg\",\"width\":1366,\"height\":607},{\"@type\":\"BreadcrumbList\",\"@id\":\"https:\/\/www.namonarchs.org\/es\/esta-herramienta\/#breadcrumb\",\"itemListElement\":[{\"@type\":\"ListItem\",\"position\":1,\"name\":\"Home\",\"item\":\"https:\/\/www.namonarchs.org\/es\/\"},{\"@type\":\"ListItem\",\"position\":2,\"name\":\"Esta herramienta\"}]},{\"@type\":\"WebSite\",\"@id\":\"https:\/\/www.namonarchs.org\/fr\/#website\",\"url\":\"https:\/\/www.namonarchs.org\/fr\/\",\"name\":\"Herramientas para la conservaci\u00f3n de la mariposa monarca\",\"description\":\"Monarch conservation temporary subtitle\",\"potentialAction\":[{\"@type\":\"SearchAction\",\"target\":{\"@type\":\"EntryPoint\",\"urlTemplate\":\"https:\/\/www.namonarchs.org\/fr\/?s={search_term_string}\"},\"query-input\":{\"@type\":\"PropertyValueSpecification\",\"valueRequired\":true,\"valueName\":\"search_term_string\"}}],\"inLanguage\":\"es\"}]}<\/script>\n<!-- \/ Yoast SEO plugin. -->","yoast_head_json":{"title":"Esta herramienta - Herramientas para la conservaci\u00f3n de la mariposa monarca","robots":{"index":"index","follow":"follow","max-snippet":"max-snippet:-1","max-image-preview":"max-image-preview:large","max-video-preview":"max-video-preview:-1"},"canonical":"https:\/\/www.namonarchs.org\/es\/esta-herramienta\/","og_locale":"es_MX","og_type":"article","og_title":"Esta herramienta - Herramientas para la conservaci\u00f3n de la mariposa monarca","og_description":"Este conjunto de herramientas se dirige, sobre todo, a agricultores, otros propietarios particulares de tierras, especialistas en mariposas monarca y miembros del p\u00fablico en general interesados en la conservaci\u00f3n de esta especie. Adem\u00e1s, se espera que \u2014en apoyo de iniciativas futuras para la conservaci\u00f3n de la monarca\u2014 profesionales y responsables de la formulaci\u00f3n de pol\u00edticas [&hellip;]","og_url":"https:\/\/www.namonarchs.org\/es\/esta-herramienta\/","og_site_name":"Herramientas para la conservaci\u00f3n de la mariposa monarca","article_modified_time":"2017-12-04T19:00:33+00:00","og_image":[{"width":1366,"height":607,"url":"https:\/\/www.namonarchs.org\/wp-content\/uploads\/2017\/12\/monarch-slides4-es.jpg","type":"image\/jpeg"}],"twitter_card":"summary_large_image","twitter_misc":{"Tiempo de lectura":"2 minutos"},"schema":{"@context":"https:\/\/schema.org","@graph":[{"@type":"WebPage","@id":"https:\/\/www.namonarchs.org\/es\/esta-herramienta\/","url":"https:\/\/www.namonarchs.org\/es\/esta-herramienta\/","name":"Esta herramienta - Herramientas para la conservaci\u00f3n de la mariposa monarca","isPartOf":{"@id":"https:\/\/www.namonarchs.org\/fr\/#website"},"primaryImageOfPage":{"@id":"https:\/\/www.namonarchs.org\/es\/esta-herramienta\/#primaryimage"},"image":{"@id":"https:\/\/www.namonarchs.org\/es\/esta-herramienta\/#primaryimage"},"thumbnailUrl":"https:\/\/www.namonarchs.org\/wp-content\/uploads\/2017\/12\/monarch-slides4-es.jpg","datePublished":"2017-09-22T20:15:50+00:00","dateModified":"2017-12-04T19:00:33+00:00","breadcrumb":{"@id":"https:\/\/www.namonarchs.org\/es\/esta-herramienta\/#breadcrumb"},"inLanguage":"es","potentialAction":[{"@type":"ReadAction","target":["https:\/\/www.namonarchs.org\/es\/esta-herramienta\/"]}]},{"@type":"ImageObject","inLanguage":"es","@id":"https:\/\/www.namonarchs.org\/es\/esta-herramienta\/#primaryimage","url":"https:\/\/www.namonarchs.org\/wp-content\/uploads\/2017\/12\/monarch-slides4-es.jpg","contentUrl":"https:\/\/www.namonarchs.org\/wp-content\/uploads\/2017\/12\/monarch-slides4-es.jpg","width":1366,"height":607},{"@type":"BreadcrumbList","@id":"https:\/\/www.namonarchs.org\/es\/esta-herramienta\/#breadcrumb","itemListElement":[{"@type":"ListItem","position":1,"name":"Home","item":"https:\/\/www.namonarchs.org\/es\/"},{"@type":"ListItem","position":2,"name":"Esta herramienta"}]},{"@type":"WebSite","@id":"https:\/\/www.namonarchs.org\/fr\/#website","url":"https:\/\/www.namonarchs.org\/fr\/","name":"Herramientas para la conservaci\u00f3n de la mariposa monarca","description":"Monarch conservation temporary subtitle","potentialAction":[{"@type":"SearchAction","target":{"@type":"EntryPoint","urlTemplate":"https:\/\/www.namonarchs.org\/fr\/?s={search_term_string}"},"query-input":{"@type":"PropertyValueSpecification","valueRequired":true,"valueName":"search_term_string"}}],"inLanguage":"es"}]}},"_links":{"self":[{"href":"https:\/\/www.namonarchs.org\/es\/wp-json\/wp\/v2\/pages\/4493","targetHints":{"allow":["GET"]}}],"collection":[{"href":"https:\/\/www.namonarchs.org\/es\/wp-json\/wp\/v2\/pages"}],"about":[{"href":"https:\/\/www.namonarchs.org\/es\/wp-json\/wp\/v2\/types\/page"}],"author":[{"embeddable":true,"href":"https:\/\/www.namonarchs.org\/es\/wp-json\/wp\/v2\/users\/1"}],"replies":[{"embeddable":true,"href":"https:\/\/www.namonarchs.org\/es\/wp-json\/wp\/v2\/comments?post=4493"}],"version-history":[{"count":0,"href":"https:\/\/www.namonarchs.org\/es\/wp-json\/wp\/v2\/pages\/4493\/revisions"}],"wp:featuredmedia":[{"embeddable":true,"href":"https:\/\/www.namonarchs.org\/es\/wp-json\/wp\/v2\/media\/6469"}],"wp:attachment":[{"href":"https:\/\/www.namonarchs.org\/es\/wp-json\/wp\/v2\/media?parent=4493"}],"curies":[{"name":"wp","href":"https:\/\/api.w.org\/{rel}","templated":true}]}}