{"id":5190,"date":"2017-10-03T10:47:30","date_gmt":"2017-10-03T14:47:30","guid":{"rendered":"http:\/\/www.namonarchs.org\/?page_id=5190"},"modified":"2017-12-19T15:41:43","modified_gmt":"2017-12-19T20:41:43","slug":"cuentanos-acerca-de-tus-proyectos","status":"publish","type":"page","link":"https:\/\/www.namonarchs.org\/es\/cuentanos-acerca-de-tus-proyectos\/","title":{"rendered":"Cu\u00e9ntanos de tus proyectos"},"content":{"rendered":"<p>Si est\u00e1s en proceso de implementar pr\u00e1cticas propicias para la monarca en tu terreno, tu comunidad est\u00e1 adoptando medidas y compromisos en favor de la conservaci\u00f3n de las mariposas monarca, o tu organizaci\u00f3n colabora en apoyo de proyectos que fomentan la conservaci\u00f3n de esta especie y otros polinizadores, por favor utiliza el espacio siguiente para hacernos saber de qu\u00e9 forma ha sido \u00fatil este conjunto de herramientas, e incluye cualquier comentario o recomendaci\u00f3n que desees transmitirnos. Asimismo, haznos saber si te interesa recibir informaci\u00f3n acerca de las labores que realiza la CCA en favor de la conservaci\u00f3n de la monarca, para que podamos a\u00f1adirte a nuestra lista de distribuci\u00f3n.<\/p>\n<p class=\"btn--success\"><a href=\"mailto:info@cec.org?subject=Herramientas para la conservaci\u00f3n de la mariposa monarca\">\u00a1Escr\u00edbenos!<\/a><\/h1>\n","protected":false},"excerpt":{"rendered":"<p>Si est\u00e1s en proceso de implementar pr\u00e1cticas propicias para la monarca en tu terreno, tu comunidad est\u00e1 adoptando medidas y compromisos en favor de la conservaci\u00f3n de las mariposas monarca, o tu organizaci\u00f3n colabora en apoyo de proyectos que fomentan la conservaci\u00f3n de esta especie y otros polinizadores, por favor utiliza el espacio siguiente para [&hellip;]<\/p>\n","protected":false},"author":1,"featured_media":0,"parent":0,"menu_order":0,"comment_status":"closed","ping_status":"closed","template":"","meta":{"_acf_changed":false,"footnotes":""},"class_list":["post-5190","page","type-page","status-publish","hentry"],"acf":[],"yoast_head":"<!-- This site is optimized with the Yoast SEO plugin v27.0 - https:\/\/yoast.com\/product\/yoast-seo-wordpress\/ -->\n<title>Cu\u00e9ntanos de tus proyectos - Herramientas para la conservaci\u00f3n de la mariposa monarca<\/title>\n<meta name=\"robots\" content=\"index, follow, max-snippet:-1, max-image-preview:large, max-video-preview:-1\" \/>\n<link rel=\"canonical\" href=\"https:\/\/www.namonarchs.org\/tell-us-about-your-projects\/\" \/>\n<meta property=\"og:locale\" content=\"es_MX\" \/>\n<meta property=\"og:type\" content=\"article\" \/>\n<meta property=\"og:title\" content=\"Cu\u00e9ntanos de tus proyectos - Herramientas para la conservaci\u00f3n de la mariposa monarca\" \/>\n<meta property=\"og:description\" content=\"Si est\u00e1s en proceso de implementar pr\u00e1cticas propicias para la monarca en tu terreno, tu comunidad est\u00e1 adoptando medidas y compromisos en favor de la conservaci\u00f3n de las mariposas monarca, o tu organizaci\u00f3n colabora en apoyo de proyectos que fomentan la conservaci\u00f3n de esta especie y otros polinizadores, por favor utiliza el espacio siguiente para [&hellip;]\" \/>\n<meta property=\"og:url\" content=\"https:\/\/www.namonarchs.org\/tell-us-about-your-projects\/\" \/>\n<meta property=\"og:site_name\" content=\"Herramientas para la conservaci\u00f3n de la mariposa monarca\" \/>\n<meta property=\"article:modified_time\" content=\"2017-12-19T20:41:43+00:00\" \/>\n<meta name=\"twitter:card\" content=\"summary_large_image\" \/>\n<meta name=\"twitter:label1\" content=\"Tiempo de lectura\" \/>\n\t<meta name=\"twitter:data1\" content=\"1 minuto\" \/>\n<script type=\"application\/ld+json\" class=\"yoast-schema-graph\">{\"@context\":\"https:\/\/schema.org\",\"@graph\":[{\"@type\":\"WebPage\",\"@id\":\"https:\/\/www.namonarchs.org\/tell-us-about-your-projects\/\",\"url\":\"https:\/\/www.namonarchs.org\/tell-us-about-your-projects\/\",\"name\":\"Cu\u00e9ntanos de tus proyectos - Herramientas para la conservaci\u00f3n de la mariposa monarca\",\"isPartOf\":{\"@id\":\"https:\/\/www.namonarchs.org\/fr\/#website\"},\"datePublished\":\"2017-10-03T14:47:30+00:00\",\"dateModified\":\"2017-12-19T20:41:43+00:00\",\"breadcrumb\":{\"@id\":\"https:\/\/www.namonarchs.org\/tell-us-about-your-projects\/#breadcrumb\"},\"inLanguage\":\"es\",\"potentialAction\":[{\"@type\":\"ReadAction\",\"target\":[\"https:\/\/www.namonarchs.org\/tell-us-about-your-projects\/\"]}]},{\"@type\":\"BreadcrumbList\",\"@id\":\"https:\/\/www.namonarchs.org\/tell-us-about-your-projects\/#breadcrumb\",\"itemListElement\":[{\"@type\":\"ListItem\",\"position\":1,\"name\":\"Home\",\"item\":\"https:\/\/www.namonarchs.org\/es\/\"},{\"@type\":\"ListItem\",\"position\":2,\"name\":\"Cu\u00e9ntanos de tus proyectos\"}]},{\"@type\":\"WebSite\",\"@id\":\"https:\/\/www.namonarchs.org\/fr\/#website\",\"url\":\"https:\/\/www.namonarchs.org\/fr\/\",\"name\":\"Herramientas para la conservaci\u00f3n de la mariposa monarca\",\"description\":\"Monarch conservation temporary subtitle\",\"potentialAction\":[{\"@type\":\"SearchAction\",\"target\":{\"@type\":\"EntryPoint\",\"urlTemplate\":\"https:\/\/www.namonarchs.org\/fr\/?s={search_term_string}\"},\"query-input\":{\"@type\":\"PropertyValueSpecification\",\"valueRequired\":true,\"valueName\":\"search_term_string\"}}],\"inLanguage\":\"es\"}]}<\/script>\n<!-- \/ Yoast SEO plugin. -->","yoast_head_json":{"title":"Cu\u00e9ntanos de tus proyectos - Herramientas para la conservaci\u00f3n de la mariposa monarca","robots":{"index":"index","follow":"follow","max-snippet":"max-snippet:-1","max-image-preview":"max-image-preview:large","max-video-preview":"max-video-preview:-1"},"canonical":"https:\/\/www.namonarchs.org\/tell-us-about-your-projects\/","og_locale":"es_MX","og_type":"article","og_title":"Cu\u00e9ntanos de tus proyectos - Herramientas para la conservaci\u00f3n de la mariposa monarca","og_description":"Si est\u00e1s en proceso de implementar pr\u00e1cticas propicias para la monarca en tu terreno, tu comunidad est\u00e1 adoptando medidas y compromisos en favor de la conservaci\u00f3n de las mariposas monarca, o tu organizaci\u00f3n colabora en apoyo de proyectos que fomentan la conservaci\u00f3n de esta especie y otros polinizadores, por favor utiliza el espacio siguiente para [&hellip;]","og_url":"https:\/\/www.namonarchs.org\/tell-us-about-your-projects\/","og_site_name":"Herramientas para la conservaci\u00f3n de la mariposa monarca","article_modified_time":"2017-12-19T20:41:43+00:00","twitter_card":"summary_large_image","twitter_misc":{"Tiempo de lectura":"1 minuto"},"schema":{"@context":"https:\/\/schema.org","@graph":[{"@type":"WebPage","@id":"https:\/\/www.namonarchs.org\/tell-us-about-your-projects\/","url":"https:\/\/www.namonarchs.org\/tell-us-about-your-projects\/","name":"Cu\u00e9ntanos de tus proyectos - Herramientas para la conservaci\u00f3n de la mariposa monarca","isPartOf":{"@id":"https:\/\/www.namonarchs.org\/fr\/#website"},"datePublished":"2017-10-03T14:47:30+00:00","dateModified":"2017-12-19T20:41:43+00:00","breadcrumb":{"@id":"https:\/\/www.namonarchs.org\/tell-us-about-your-projects\/#breadcrumb"},"inLanguage":"es","potentialAction":[{"@type":"ReadAction","target":["https:\/\/www.namonarchs.org\/tell-us-about-your-projects\/"]}]},{"@type":"BreadcrumbList","@id":"https:\/\/www.namonarchs.org\/tell-us-about-your-projects\/#breadcrumb","itemListElement":[{"@type":"ListItem","position":1,"name":"Home","item":"https:\/\/www.namonarchs.org\/es\/"},{"@type":"ListItem","position":2,"name":"Cu\u00e9ntanos de tus proyectos"}]},{"@type":"WebSite","@id":"https:\/\/www.namonarchs.org\/fr\/#website","url":"https:\/\/www.namonarchs.org\/fr\/","name":"Herramientas para la conservaci\u00f3n de la mariposa monarca","description":"Monarch conservation temporary subtitle","potentialAction":[{"@type":"SearchAction","target":{"@type":"EntryPoint","urlTemplate":"https:\/\/www.namonarchs.org\/fr\/?s={search_term_string}"},"query-input":{"@type":"PropertyValueSpecification","valueRequired":true,"valueName":"search_term_string"}}],"inLanguage":"es"}]}},"_links":{"self":[{"href":"https:\/\/www.namonarchs.org\/es\/wp-json\/wp\/v2\/pages\/5190","targetHints":{"allow":["GET"]}}],"collection":[{"href":"https:\/\/www.namonarchs.org\/es\/wp-json\/wp\/v2\/pages"}],"about":[{"href":"https:\/\/www.namonarchs.org\/es\/wp-json\/wp\/v2\/types\/page"}],"author":[{"embeddable":true,"href":"https:\/\/www.namonarchs.org\/es\/wp-json\/wp\/v2\/users\/1"}],"replies":[{"embeddable":true,"href":"https:\/\/www.namonarchs.org\/es\/wp-json\/wp\/v2\/comments?post=5190"}],"version-history":[{"count":0,"href":"https:\/\/www.namonarchs.org\/es\/wp-json\/wp\/v2\/pages\/5190\/revisions"}],"wp:attachment":[{"href":"https:\/\/www.namonarchs.org\/es\/wp-json\/wp\/v2\/media?parent=5190"}],"curies":[{"name":"wp","href":"https:\/\/api.w.org\/{rel}","templated":true}]}}