{"id":5963,"date":"2017-10-04T15:20:49","date_gmt":"2017-10-04T19:20:49","guid":{"rendered":"http:\/\/www.namonarchs.org\/?page_id=5963"},"modified":"2017-10-04T15:20:49","modified_gmt":"2017-10-04T19:20:49","slug":"siglas-y-acronimos","status":"publish","type":"page","link":"https:\/\/www.namonarchs.org\/es\/siglas-y-acronimos\/","title":{"rendered":"Siglas y acr\u00f3nimos"},"content":{"rendered":"<table cellspacing=\"0\" cellpadding=\"0\">\n<tbody>\n<tr>\n<td width=\"20%\">A.B.P.<\/td>\n<td>Asociaci\u00f3n de beneficencia p\u00fablica<\/td>\n<\/tr>\n<tr>\n<td>ACEP<\/td>\n<td>Programa de Servidumbres Ecol\u00f3gicas de Conservaci\u00f3n Agr\u00edcola (<em>Agricultural Conservation Easement Program<\/em>), Estados Unidos<\/td>\n<\/tr>\n<tr>\n<td>ANP<\/td>\n<td>\u00e1rea natural protegida<\/td>\n<\/tr>\n<tr>\n<td>APFF<\/td>\n<td>\u00e1rea de protecci\u00f3n de flora y fauna<\/td>\n<\/tr>\n<tr>\n<td>BLM<\/td>\n<td>Oficina de Manejo de la Tierra (<em>Bureau of Land Management<\/em>), Estados Unidos<\/td>\n<\/tr>\n<tr>\n<td>BMMM<\/td>\n<td>Bosque Modelo Mariposa Monarca<\/td>\n<\/tr>\n<tr>\n<td>CCA<\/td>\n<td>Comisi\u00f3n para la Cooperaci\u00f3n Ambiental<\/td>\n<\/tr>\n<tr>\n<td>CNC<\/td>\n<td>Centro de Naturaleza Cibolo (<em>Cibolo Nature Center<\/em>)<\/td>\n<\/tr>\n<tr>\n<td>Conafor<\/td>\n<td>Comisi\u00f3n Nacional Forestal, M\u00e9xico<\/td>\n<\/tr>\n<tr>\n<td>Conanp<\/td>\n<td>Comisi\u00f3n Nacional de \u00c1reas Naturales Protegidas, M\u00e9xico<\/td>\n<\/tr>\n<tr>\n<td>CRP<\/td>\n<td>Programa de Reservas para la Conservaci\u00f3n (<em>Conservation Reserve Program<\/em>), Estados Unidos<\/td>\n<\/tr>\n<tr>\n<td>CSP<\/td>\n<td>Programa de Protecci\u00f3n Ambiental en Favor de la Conservaci\u00f3n (<em>Conservation Stewardship Program<\/em>)<\/td>\n<\/tr>\n<tr>\n<td>CTA<\/td>\n<td>Asistencia T\u00e9cnica para la Conservaci\u00f3n(<em>Conservation Technical Assistance<\/em>), programa del NRCS<\/td>\n<\/tr>\n<tr>\n<td>DNR<\/td>\n<td>Departamento de Recursos Naturales (<em>Department of Natural Resources<\/em>), Estados Unidos<\/td>\n<\/tr>\n<tr>\n<td>DOT<\/td>\n<td>Departamento de Transporte (<em>Department of Transportation<\/em>), Estados Unidos<\/td>\n<\/tr>\n<tr>\n<td>ECCC<\/td>\n<td>ministerio de Medio Ambiente y Cambio Clim\u00e1tico de Canad\u00e1 (<em>Environment and Climate Change Canada<\/em>)<\/td>\n<\/tr>\n<tr>\n<td>EQIP<\/td>\n<td>Programa de Incentivos para la Calidad del Medio Ambiente(<em>Environmental Quality Incentives Program<\/em>)<\/td>\n<\/tr>\n<tr>\n<td>ERC<\/td>\n<td>Centro de Informaci\u00f3n y Recursos sobre Energ\u00eda (<em>Energy Resources Center<\/em>)<\/td>\n<\/tr>\n<tr>\n<td>ESCLH<\/td>\n<td>clases de propiedades de tierras ambientalmente significativas(<em>Environmentally Significant Class of Land Holdings<\/em>)<\/td>\n<\/tr>\n<tr>\n<td>FANP<\/td>\n<td>Fondo para \u00c1reas Naturales Protegidas<\/td>\n<\/tr>\n<tr>\n<td>FMCN<\/td>\n<td>Fondo Mexicano para la Conservaci\u00f3n de la Naturaleza<\/td>\n<\/tr>\n<tr>\n<td>FSA<\/td>\n<td>Oficina de Servicios Agr\u00edcolas (<em>Farm Service Agency<\/em>), del USDA<\/td>\n<\/tr>\n<tr>\n<td>ITC<\/td>\n<td><em>ITC Holdings Corporation<\/em><\/td>\n<\/tr>\n<tr>\n<td>IVM<\/td>\n<td>manejo integral de la vegetaci\u00f3n (del ingl\u00e9s: <em>integrated vegetative management<\/em>)<\/td>\n<\/tr>\n<tr>\n<td>LCRA<\/td>\n<td>Autoridad de la Cuenca Baja del R\u00edo Colorado (<em>Lower Colorado River Authority<\/em>)<\/td>\n<\/tr>\n<tr>\n<td>LGEEPA<\/td>\n<td>Ley General de Equilibrio Ecol\u00f3gico y Protecci\u00f3n al Ambiente, M\u00e9xico<\/td>\n<\/tr>\n<tr>\n<td>LIP<\/td>\n<td>Programa de Incentivos para Propietarios de Tierras (<em>Landowner Incentive Program<\/em>)<\/td>\n<\/tr>\n<tr>\n<td>MAG<\/td>\n<td>Mariposas Monarca en toda Georgia (<em>Monarchs Across Georgia<\/em>)<\/td>\n<\/tr>\n<tr>\n<td>MAPAQ<\/td>\n<td>Ministerio de Agricultura, Pesca y Alimentaci\u00f3n de Quebec (<em>Minist\u00e8re de l&#8217;Agriculture, des P\u00eacheries et\u00a0de\u00a0l&#8217;Alimentation du Qu\u00e9bec<\/em>)<\/td>\n<\/tr>\n<tr>\n<td>MBF<\/td>\n<td>Fondo Mariposa Monarca (<em>Monarch Butterfly Fund<\/em>)<\/td>\n<\/tr>\n<tr>\n<td>MBMF<\/td>\n<td>Bosque Modelo de Manitoba (<em>Manitoba Model Forest<\/em>)<\/td>\n<\/tr>\n<tr>\n<td>MCSP<\/td>\n<td>Alianza Cient\u00edfica en Favor de la Conservaci\u00f3n de la Mariposa Monarca (<em>Monarch Conservation Science Partnership<\/em>)<\/td>\n<\/tr>\n<tr>\n<td>MJV<\/td>\n<td><em>Monarch Joint Venture<\/em><\/td>\n<\/tr>\n<tr>\n<td>MLMP<\/td>\n<td>Proyecto de Monitoreo de Larvas de Mariposa Monarca (<em>Monarch Larva Monitoring Project<\/em>)<\/td>\n<\/tr>\n<tr>\n<td>MnDNR<\/td>\n<td>Departamento de Recursos Naturales de Minesota (<em>Minnesota Department of Natural Resources<\/em>)<\/td>\n<\/tr>\n<tr>\n<td>Monarch Lab<\/td>\n<td>Monarch Lab de la Universidad de Minesota<\/td>\n<\/tr>\n<tr>\n<td>MSB<\/td>\n<td>Banco de Semillas del Milenio de Kew (<em>Kew Millennium Seed Bank<\/em>)<\/td>\n<\/tr>\n<tr>\n<td>NABA<\/td>\n<td>Asociaci\u00f3n de Mariposas de Am\u00e9rica del Norte (<em>North American Butterfly Association<\/em>)<\/td>\n<\/tr>\n<tr>\n<td>NCPS<\/td>\n<td>Normas Nacionales de Pr\u00e1cticas de Conservaci\u00f3n (<em>National Conservation Practice<\/em><em>Standards<\/em>), Estados Unidos<\/td>\n<\/tr>\n<tr>\n<td>NCTC<\/td>\n<td>Centro Nacional de Capacitaci\u00f3n para la Conservaci\u00f3n (<em>National Conservation Training Center<\/em>), Estados Unidos<\/td>\n<\/tr>\n<tr>\n<td>NFWF<\/td>\n<td>Fundaci\u00f3n Nacional de Pesca y Vida Silvestre(<em>National Fish and Wildlife Foundation<\/em>), Estados Unidos<\/td>\n<\/tr>\n<tr>\n<td>NRCS<\/td>\n<td>Servicio para la Conservaci\u00f3n de los Recursos Naturales (<em>Natural Resources Conservation Service<\/em>), del USDA<\/td>\n<\/tr>\n<tr>\n<td>NRPA<\/td>\n<td>Asociaci\u00f3n Nacional de Espacios Recreativos y Parques (<em>National Recreation and Park Association<\/em>), Estados Unidos<\/td>\n<\/tr>\n<tr>\n<td>NWF<\/td>\n<td>Federaci\u00f3n Nacional de Vida Silvestre (<em>National Wildlife Federation<\/em>), Estados Unidos<\/td>\n<\/tr>\n<tr>\n<td>OE<\/td>\n<td><em>Ophryocystis elektroscirrha<\/em> (par\u00e1sito de la monarca)<\/td>\n<\/tr>\n<tr>\n<td>ONG<\/td>\n<td>organizaci\u00f3n no gubernamental<\/td>\n<\/tr>\n<tr>\n<td>P2<\/td>\n<td>Alianza en Favor de las Especies Polinizadoras (<em>Pollinator Partnership<\/em>)<\/td>\n<\/tr>\n<tr>\n<td>PEI<\/td>\n<td>Isla del Pr\u00edncipe Eduardo (<em>Prince Edward Island<\/em>)<\/td>\n<\/tr>\n<tr>\n<td>PET<\/td>\n<td>Programa de Empleo Temporal<\/td>\n<\/tr>\n<tr>\n<td>PFW<\/td>\n<td>Socios en Favor de Especies Pisc\u00edcolas y de Vida Silvestre (<em>Partners for Fish and Wildlife<\/em>)<\/td>\n<\/tr>\n<tr>\n<td>Procodes<\/td>\n<td>Programa de Conservaci\u00f3n para el Desarrollo Sostenible, M\u00e9xico<\/td>\n<\/tr>\n<tr>\n<td>Profauna<\/td>\n<td>Protecci\u00f3n de la Fauna Mexicana, A.C.<\/td>\n<\/tr>\n<tr>\n<td>PSA<\/td>\n<td>pagos por servicios ambientales<\/td>\n<\/tr>\n<tr>\n<td>RCPP<\/td>\n<td>Programa de Colaboraci\u00f3n Regional en Favor de la Conservaci\u00f3n (<em>Regional Conservation Partnership Program<\/em>)<\/td>\n<\/tr>\n<tr>\n<td>SAFE<\/td>\n<td>Acres del Estado para el Mejoramiento de Vida Silvestre (<em>State Acres for Wildlife Enhancement<\/em>)<\/td>\n<\/tr>\n<tr>\n<td>SAR<\/td>\n<td>especies en riesgo (del ingl\u00e9s: <em>species at risk<\/em>)<\/td>\n<\/tr>\n<tr>\n<td>SARA<\/td>\n<td>Ley de Especies en Riesgo (<em>Species at Risk Act<\/em>), Canad\u00e1<\/td>\n<\/tr>\n<tr>\n<td>Semarnat<\/td>\n<td>Secretar\u00eda de Medio Ambiente y Recursos Naturales, M\u00e9xico<\/td>\n<\/tr>\n<tr>\n<td>STRIPS<\/td>\n<td>experimentos de base cient\u00edfica en cultivos en filas integrados con franjas de pradera (en ingl\u00e9s: <em>Science-based Trials of Rowcrops Integrated with Prairie\u00a0Strips<\/em>)<\/td>\n<\/tr>\n<tr>\n<td>SWCD<\/td>\n<td>distrito de conservaci\u00f3n de suelos y recursos h\u00eddricos (<em>Soil and Water Conservation District<\/em>)<\/td>\n<\/tr>\n<tr>\n<td>TPWD<\/td>\n<td>Departamento de Parques y Vida Silvestre de Texas (<em>Texas Parks and Wildlife Department<\/em>)<\/td>\n<\/tr>\n<tr>\n<td>TWRA<\/td>\n<td>Oficina de Recursos de Vida Silvestre de Tennessee (<em>Tennessee Wildlife Resources Agency<\/em>)<\/td>\n<\/tr>\n<tr>\n<td>USDA<\/td>\n<td>Departamento de Agricultura de Estados Unidos (<em>United States Department of Agriculture<\/em>)<\/td>\n<\/tr>\n<tr>\n<td>USDOI<\/td>\n<td>Departamento del Interior de Estados Unidos (<em>United States Department of the Interior<\/em>)<\/td>\n<\/tr>\n<tr>\n<td>USFWS<\/td>\n<td>Servicio de Pesca y Vida Silvestre de Estados Unidos (<em>United States Fish and Wildlife Service<\/em>)<\/td>\n<\/tr>\n<tr>\n<td>USGS<\/td>\n<td>Servicio de Estudios Geol\u00f3gicos de Estados Unidos (<em>United States Geological Survey<\/em>)<\/td>\n<\/tr>\n<tr>\n<td>Wild Ones<\/td>\n<td><em>Wild Ones: Native Plants<\/em>, <em>Natural Landscapes<\/em><\/td>\n<\/tr>\n<tr>\n<td>WRP<\/td>\n<td>Programa de Reservas de Humedales(<em>Wetlands Reserve Program<\/em>)<\/td>\n<\/tr>\n<tr>\n<td>WWF<\/td>\n<td>Fondo Mundial para la Conservaci\u00f3n de la Naturaleza(por sus siglas en ingl\u00e9s)<\/td>\n<\/tr>\n<tr>\n<td>WWF-M\u00e9xico<\/td>\n<td>Oficina en M\u00e9xico del Fondo Mundial para la Conservaci\u00f3n de la Naturaleza<\/td>\n<\/tr>\n<tr>\n<td>Xerces Society<\/td>\n<td>Sociedad Xerces para la Conservaci\u00f3n de Invertebrados(<em>Xerces Society for Invertebrate Conservation<\/em>)<\/td>\n<\/tr>\n<\/tbody>\n<\/table>\n","protected":false},"excerpt":{"rendered":"<p>A.B.P. Asociaci\u00f3n de beneficencia p\u00fablica ACEP Programa de Servidumbres Ecol\u00f3gicas de Conservaci\u00f3n Agr\u00edcola (Agricultural Conservation Easement Program), Estados Unidos ANP \u00e1rea natural protegida APFF \u00e1rea de protecci\u00f3n de flora y fauna BLM Oficina de Manejo de la Tierra (Bureau of Land Management), Estados Unidos BMMM Bosque Modelo Mariposa Monarca CCA Comisi\u00f3n para la Cooperaci\u00f3n Ambiental [&hellip;]<\/p>\n","protected":false},"author":1,"featured_media":0,"parent":0,"menu_order":0,"comment_status":"closed","ping_status":"closed","template":"","meta":{"_acf_changed":false,"footnotes":""},"class_list":["post-5963","page","type-page","status-publish","hentry"],"acf":[],"yoast_head":"<!-- This site is optimized with the Yoast SEO plugin v27.6 - https:\/\/yoast.com\/product\/yoast-seo-wordpress\/ -->\n<title>Siglas y acr\u00f3nimos - Herramientas para la conservaci\u00f3n de la mariposa monarca<\/title>\n<meta name=\"robots\" content=\"index, follow, max-snippet:-1, max-image-preview:large, max-video-preview:-1\" \/>\n<link rel=\"canonical\" href=\"https:\/\/www.namonarchs.org\/es\/siglas-y-acronimos\/\" \/>\n<meta property=\"og:locale\" content=\"es_MX\" \/>\n<meta property=\"og:type\" content=\"article\" \/>\n<meta property=\"og:title\" content=\"Siglas y acr\u00f3nimos - Herramientas para la conservaci\u00f3n de la mariposa monarca\" \/>\n<meta property=\"og:description\" content=\"A.B.P. Asociaci\u00f3n de beneficencia p\u00fablica ACEP Programa de Servidumbres Ecol\u00f3gicas de Conservaci\u00f3n Agr\u00edcola (Agricultural Conservation Easement Program), Estados Unidos ANP \u00e1rea natural protegida APFF \u00e1rea de protecci\u00f3n de flora y fauna BLM Oficina de Manejo de la Tierra (Bureau of Land Management), Estados Unidos BMMM Bosque Modelo Mariposa Monarca CCA Comisi\u00f3n para la Cooperaci\u00f3n Ambiental [&hellip;]\" \/>\n<meta property=\"og:url\" content=\"https:\/\/www.namonarchs.org\/es\/siglas-y-acronimos\/\" \/>\n<meta property=\"og:site_name\" content=\"Herramientas para la conservaci\u00f3n de la mariposa monarca\" \/>\n<meta name=\"twitter:card\" content=\"summary_large_image\" \/>\n<meta name=\"twitter:label1\" content=\"Tiempo de lectura\" \/>\n\t<meta name=\"twitter:data1\" content=\"4 minutos\" \/>\n<script type=\"application\/ld+json\" class=\"yoast-schema-graph\">{\"@context\":\"https:\\\/\\\/schema.org\",\"@graph\":[{\"@type\":\"WebPage\",\"@id\":\"https:\\\/\\\/www.namonarchs.org\\\/es\\\/siglas-y-acronimos\\\/\",\"url\":\"https:\\\/\\\/www.namonarchs.org\\\/es\\\/siglas-y-acronimos\\\/\",\"name\":\"Siglas y acr\u00f3nimos - Herramientas para la conservaci\u00f3n de la mariposa monarca\",\"isPartOf\":{\"@id\":\"https:\\\/\\\/www.namonarchs.org\\\/fr\\\/#website\"},\"datePublished\":\"2017-10-04T19:20:49+00:00\",\"breadcrumb\":{\"@id\":\"https:\\\/\\\/www.namonarchs.org\\\/es\\\/siglas-y-acronimos\\\/#breadcrumb\"},\"inLanguage\":\"es\",\"potentialAction\":[{\"@type\":\"ReadAction\",\"target\":[\"https:\\\/\\\/www.namonarchs.org\\\/es\\\/siglas-y-acronimos\\\/\"]}]},{\"@type\":\"BreadcrumbList\",\"@id\":\"https:\\\/\\\/www.namonarchs.org\\\/es\\\/siglas-y-acronimos\\\/#breadcrumb\",\"itemListElement\":[{\"@type\":\"ListItem\",\"position\":1,\"name\":\"Home\",\"item\":\"https:\\\/\\\/www.namonarchs.org\\\/es\\\/\"},{\"@type\":\"ListItem\",\"position\":2,\"name\":\"Siglas y acr\u00f3nimos\"}]},{\"@type\":\"WebSite\",\"@id\":\"https:\\\/\\\/www.namonarchs.org\\\/fr\\\/#website\",\"url\":\"https:\\\/\\\/www.namonarchs.org\\\/fr\\\/\",\"name\":\"Herramientas para la conservaci\u00f3n de la mariposa monarca\",\"description\":\"Monarch conservation temporary subtitle\",\"potentialAction\":[{\"@type\":\"SearchAction\",\"target\":{\"@type\":\"EntryPoint\",\"urlTemplate\":\"https:\\\/\\\/www.namonarchs.org\\\/fr\\\/?s={search_term_string}\"},\"query-input\":{\"@type\":\"PropertyValueSpecification\",\"valueRequired\":true,\"valueName\":\"search_term_string\"}}],\"inLanguage\":\"es\"}]}<\/script>\n<!-- \/ Yoast SEO plugin. -->","yoast_head_json":{"title":"Siglas y acr\u00f3nimos - Herramientas para la conservaci\u00f3n de la mariposa monarca","robots":{"index":"index","follow":"follow","max-snippet":"max-snippet:-1","max-image-preview":"max-image-preview:large","max-video-preview":"max-video-preview:-1"},"canonical":"https:\/\/www.namonarchs.org\/es\/siglas-y-acronimos\/","og_locale":"es_MX","og_type":"article","og_title":"Siglas y acr\u00f3nimos - Herramientas para la conservaci\u00f3n de la mariposa monarca","og_description":"A.B.P. Asociaci\u00f3n de beneficencia p\u00fablica ACEP Programa de Servidumbres Ecol\u00f3gicas de Conservaci\u00f3n Agr\u00edcola (Agricultural Conservation Easement Program), Estados Unidos ANP \u00e1rea natural protegida APFF \u00e1rea de protecci\u00f3n de flora y fauna BLM Oficina de Manejo de la Tierra (Bureau of Land Management), Estados Unidos BMMM Bosque Modelo Mariposa Monarca CCA Comisi\u00f3n para la Cooperaci\u00f3n Ambiental [&hellip;]","og_url":"https:\/\/www.namonarchs.org\/es\/siglas-y-acronimos\/","og_site_name":"Herramientas para la conservaci\u00f3n de la mariposa monarca","twitter_card":"summary_large_image","twitter_misc":{"Tiempo de lectura":"4 minutos"},"schema":{"@context":"https:\/\/schema.org","@graph":[{"@type":"WebPage","@id":"https:\/\/www.namonarchs.org\/es\/siglas-y-acronimos\/","url":"https:\/\/www.namonarchs.org\/es\/siglas-y-acronimos\/","name":"Siglas y acr\u00f3nimos - Herramientas para la conservaci\u00f3n de la mariposa monarca","isPartOf":{"@id":"https:\/\/www.namonarchs.org\/fr\/#website"},"datePublished":"2017-10-04T19:20:49+00:00","breadcrumb":{"@id":"https:\/\/www.namonarchs.org\/es\/siglas-y-acronimos\/#breadcrumb"},"inLanguage":"es","potentialAction":[{"@type":"ReadAction","target":["https:\/\/www.namonarchs.org\/es\/siglas-y-acronimos\/"]}]},{"@type":"BreadcrumbList","@id":"https:\/\/www.namonarchs.org\/es\/siglas-y-acronimos\/#breadcrumb","itemListElement":[{"@type":"ListItem","position":1,"name":"Home","item":"https:\/\/www.namonarchs.org\/es\/"},{"@type":"ListItem","position":2,"name":"Siglas y acr\u00f3nimos"}]},{"@type":"WebSite","@id":"https:\/\/www.namonarchs.org\/fr\/#website","url":"https:\/\/www.namonarchs.org\/fr\/","name":"Herramientas para la conservaci\u00f3n de la mariposa monarca","description":"Monarch conservation temporary subtitle","potentialAction":[{"@type":"SearchAction","target":{"@type":"EntryPoint","urlTemplate":"https:\/\/www.namonarchs.org\/fr\/?s={search_term_string}"},"query-input":{"@type":"PropertyValueSpecification","valueRequired":true,"valueName":"search_term_string"}}],"inLanguage":"es"}]}},"_links":{"self":[{"href":"https:\/\/www.namonarchs.org\/es\/wp-json\/wp\/v2\/pages\/5963","targetHints":{"allow":["GET"]}}],"collection":[{"href":"https:\/\/www.namonarchs.org\/es\/wp-json\/wp\/v2\/pages"}],"about":[{"href":"https:\/\/www.namonarchs.org\/es\/wp-json\/wp\/v2\/types\/page"}],"author":[{"embeddable":true,"href":"https:\/\/www.namonarchs.org\/es\/wp-json\/wp\/v2\/users\/1"}],"replies":[{"embeddable":true,"href":"https:\/\/www.namonarchs.org\/es\/wp-json\/wp\/v2\/comments?post=5963"}],"version-history":[{"count":0,"href":"https:\/\/www.namonarchs.org\/es\/wp-json\/wp\/v2\/pages\/5963\/revisions"}],"wp:attachment":[{"href":"https:\/\/www.namonarchs.org\/es\/wp-json\/wp\/v2\/media?parent=5963"}],"curies":[{"name":"wp","href":"https:\/\/api.w.org\/{rel}","templated":true}]}}