{"id":2459,"date":"2017-07-26T15:59:20","date_gmt":"2017-07-26T19:59:20","guid":{"rendered":"http:\/\/www.namonarchs.org\/?page_id=2459"},"modified":"2018-03-09T12:18:02","modified_gmt":"2018-03-09T17:18:02","slug":"a-propos-du-site","status":"publish","type":"page","link":"https:\/\/www.namonarchs.org\/fr\/a-propos-du-site\/","title":{"rendered":"De cet outil"},"content":{"rendered":"<div class=\"about-species\">\n<div class=\"left\">\n<h3 class=\"headline-primary--grouped\">La bo\u00eete \u00e0 outils<\/h3>\n<p class=\"headline-secondary--grouped\">est destin\u00e9e aux agriculteurs, aux autres propri\u00e9taires fonciers, aux sp\u00e9cialistes du monarque et aux membres de la population qui s\u2019int\u00e9ressent \u00e0 la conservation du monarque. On esp\u00e8re que les praticiens et les d\u00e9cideurs l\u2019utiliseront pour d\u00e9terminer et reproduire les pratiques, programmes et projets reconnus et efficaces en vue de favoriser la conservation du monarque.<\/p>\n<p>Cette bo\u00eete \u00e0 outils inclut les pratiques exemplaires de gestion (PEG) pour la conservation et le r\u00e9tablissement de l\u2019habitat de reproduction et d\u2019alimentation des monarques en Am\u00e9rique du Nord; des programmes d\u2019encouragement \u00e0 la conservation qui s\u2019adressent aux propri\u00e9taires fonciers priv\u00e9s; et des projets pilotes pour le r\u00e9tablissement, la mise en valeur et la gestion de l\u2019habitat de reproduction et de migration du monarque au Canada, au Mexique et aux \u00c9tats-Unis.<\/p>\n<p>Les <a href=\"https:\/\/www.namonarchs.org\/fr\/category\/pratiques-exemplaires-de-gestion\/\">PEG<\/a> incluent celles qui sont propres aux monarques, comme la propagation des ascl\u00e9piades ou la protection de l\u2019habitat de reproduction, mais aussi celles qui offrent un excellent potentiel au chapitre de la protection, de la mise en valeur ou de la restauration de l\u2019habitat du monarque, mais s\u2019inscrivent dans une perspective plus vaste, par exemple la restauration de l\u2019habitat des pollinisateurs ou des prairies \u00e0 herbes hautes.<\/p>\n<\/div>\n<div class=\"right\">\n<p>Les <a href=\"https:\/\/www.namonarchs.org\/fr\/category\/programmes-incitatifs\/\">programmes incitatifs<\/a> d\u00e9crits sont offerts \u00e0 des agriculteurs ou \u00e0 d\u2019autres propri\u00e9taires fonciers priv\u00e9s, sous forme d\u2019all\u00e9gements fiscaux, d\u2019aide financi\u00e8re directe et d\u2019assistance technique.<\/p>\n<p>Les <a href=\"https:\/\/www.namonarchs.org\/fr\/category\/projets-pilotes\/\">projets pilotes<\/a> et les mesures de conservation du monarque sont des projets qui portent sp\u00e9cialement sur le monarque, comme le r\u00e9tablissement de l\u2019habitat des ascl\u00e9piades, les webinaires de sensibilisation consacr\u00e9s au monarque ou les \u00e9tudes sur la surveillance des monarques et des ascl\u00e9piades, mais aussi des projets de plus grande envergure qui touchent indirectement l\u2019habitat des monarques, comme l\u2019\u00e9valuation des graines indig\u00e8nes et l\u2019\u00e9laboration de lignes directrices sur la conservation des pollinisateurs \u00e0 l\u2019intention des gestionnaires de terres.<\/p>\n<p>L\u2019information fournie dans cette bo\u00eete \u00e0 outils a \u00e9t\u00e9 compil\u00e9e en 2016 \u00e0 partir de pr\u00e8s de 250 ressources pertinentes dans le cadre du projet <em>Participation des agriculteurs et d\u2019autres propri\u00e9taires fonciers au soutien apport\u00e9 \u00e0 la conservation du monarque et des pollinisateurs<\/em> de la Commission de coop\u00e9ration environnementale (CCE).<\/p>\n<\/div>\n<\/div>\n","protected":false},"excerpt":{"rendered":"<p>La bo\u00eete \u00e0 outils est destin\u00e9e aux agriculteurs, aux autres propri\u00e9taires fonciers, aux sp\u00e9cialistes du monarque et aux membres de la population qui s\u2019int\u00e9ressent \u00e0 la conservation du monarque. On esp\u00e8re que les praticiens et les d\u00e9cideurs l\u2019utiliseront pour d\u00e9terminer et reproduire les pratiques, programmes et projets reconnus et efficaces en vue de favoriser la [&hellip;]<\/p>\n","protected":false},"author":1,"featured_media":6471,"parent":0,"menu_order":0,"comment_status":"closed","ping_status":"closed","template":"page-tool.php","meta":{"_acf_changed":false,"footnotes":""},"class_list":["post-2459","page","type-page","status-publish","has-post-thumbnail","hentry"],"acf":[],"yoast_head":"<!-- This site is optimized with the Yoast SEO plugin v27.4 - https:\/\/yoast.com\/product\/yoast-seo-wordpress\/ -->\n<title>De cet outil - Bo\u00eete \u00e0 outils pour la conservation du papillon monarque<\/title>\n<meta name=\"robots\" content=\"index, follow, max-snippet:-1, max-image-preview:large, max-video-preview:-1\" \/>\n<link rel=\"canonical\" href=\"https:\/\/www.namonarchs.org\/fr\/a-propos-du-site\/\" \/>\n<meta property=\"og:locale\" content=\"fr_CA\" \/>\n<meta property=\"og:type\" content=\"article\" \/>\n<meta property=\"og:title\" content=\"De cet outil - Bo\u00eete \u00e0 outils pour la conservation du papillon monarque\" \/>\n<meta property=\"og:description\" content=\"La bo\u00eete \u00e0 outils est destin\u00e9e aux agriculteurs, aux autres propri\u00e9taires fonciers, aux sp\u00e9cialistes du monarque et aux membres de la population qui s\u2019int\u00e9ressent \u00e0 la conservation du monarque. On esp\u00e8re que les praticiens et les d\u00e9cideurs l\u2019utiliseront pour d\u00e9terminer et reproduire les pratiques, programmes et projets reconnus et efficaces en vue de favoriser la [&hellip;]\" \/>\n<meta property=\"og:url\" content=\"https:\/\/www.namonarchs.org\/fr\/a-propos-du-site\/\" \/>\n<meta property=\"og:site_name\" content=\"Bo\u00eete \u00e0 outils pour la conservation du papillon monarque\" \/>\n<meta property=\"article:modified_time\" content=\"2018-03-09T17:18:02+00:00\" \/>\n<meta property=\"og:image\" content=\"https:\/\/www.namonarchs.org\/wp-content\/uploads\/2017\/12\/monarch-slides4-fr.jpg\" \/>\n\t<meta property=\"og:image:width\" content=\"1366\" \/>\n\t<meta property=\"og:image:height\" content=\"607\" \/>\n\t<meta property=\"og:image:type\" content=\"image\/jpeg\" \/>\n<meta name=\"twitter:card\" content=\"summary_large_image\" \/>\n<meta name=\"twitter:label1\" content=\"Estimation du temps de lecture\" \/>\n\t<meta name=\"twitter:data1\" content=\"2 minutes\" \/>\n<script type=\"application\/ld+json\" class=\"yoast-schema-graph\">{\"@context\":\"https:\\\/\\\/schema.org\",\"@graph\":[{\"@type\":\"WebPage\",\"@id\":\"https:\\\/\\\/www.namonarchs.org\\\/fr\\\/a-propos-du-site\\\/\",\"url\":\"https:\\\/\\\/www.namonarchs.org\\\/fr\\\/a-propos-du-site\\\/\",\"name\":\"De cet outil - Bo\u00eete \u00e0 outils pour la conservation du papillon monarque\",\"isPartOf\":{\"@id\":\"https:\\\/\\\/www.namonarchs.org\\\/fr\\\/#website\"},\"primaryImageOfPage\":{\"@id\":\"https:\\\/\\\/www.namonarchs.org\\\/fr\\\/a-propos-du-site\\\/#primaryimage\"},\"image\":{\"@id\":\"https:\\\/\\\/www.namonarchs.org\\\/fr\\\/a-propos-du-site\\\/#primaryimage\"},\"thumbnailUrl\":\"https:\\\/\\\/www.namonarchs.org\\\/wp-content\\\/uploads\\\/2017\\\/12\\\/monarch-slides4-fr.jpg\",\"datePublished\":\"2017-07-26T19:59:20+00:00\",\"dateModified\":\"2018-03-09T17:18:02+00:00\",\"breadcrumb\":{\"@id\":\"https:\\\/\\\/www.namonarchs.org\\\/fr\\\/a-propos-du-site\\\/#breadcrumb\"},\"inLanguage\":\"fr-CA\",\"potentialAction\":[{\"@type\":\"ReadAction\",\"target\":[\"https:\\\/\\\/www.namonarchs.org\\\/fr\\\/a-propos-du-site\\\/\"]}]},{\"@type\":\"ImageObject\",\"inLanguage\":\"fr-CA\",\"@id\":\"https:\\\/\\\/www.namonarchs.org\\\/fr\\\/a-propos-du-site\\\/#primaryimage\",\"url\":\"https:\\\/\\\/www.namonarchs.org\\\/wp-content\\\/uploads\\\/2017\\\/12\\\/monarch-slides4-fr.jpg\",\"contentUrl\":\"https:\\\/\\\/www.namonarchs.org\\\/wp-content\\\/uploads\\\/2017\\\/12\\\/monarch-slides4-fr.jpg\",\"width\":1366,\"height\":607},{\"@type\":\"BreadcrumbList\",\"@id\":\"https:\\\/\\\/www.namonarchs.org\\\/fr\\\/a-propos-du-site\\\/#breadcrumb\",\"itemListElement\":[{\"@type\":\"ListItem\",\"position\":1,\"name\":\"Home\",\"item\":\"https:\\\/\\\/www.namonarchs.org\\\/fr\\\/\"},{\"@type\":\"ListItem\",\"position\":2,\"name\":\"De cet outil\"}]},{\"@type\":\"WebSite\",\"@id\":\"https:\\\/\\\/www.namonarchs.org\\\/fr\\\/#website\",\"url\":\"https:\\\/\\\/www.namonarchs.org\\\/fr\\\/\",\"name\":\"Bo\u00eete \u00e0 outils pour la conservation du papillon monarque\",\"description\":\"Monarch conservation temporary subtitle\",\"potentialAction\":[{\"@type\":\"SearchAction\",\"target\":{\"@type\":\"EntryPoint\",\"urlTemplate\":\"https:\\\/\\\/www.namonarchs.org\\\/fr\\\/?s={search_term_string}\"},\"query-input\":{\"@type\":\"PropertyValueSpecification\",\"valueRequired\":true,\"valueName\":\"search_term_string\"}}],\"inLanguage\":\"fr-CA\"}]}<\/script>\n<!-- \/ Yoast SEO plugin. -->","yoast_head_json":{"title":"De cet outil - Bo\u00eete \u00e0 outils pour la conservation du papillon monarque","robots":{"index":"index","follow":"follow","max-snippet":"max-snippet:-1","max-image-preview":"max-image-preview:large","max-video-preview":"max-video-preview:-1"},"canonical":"https:\/\/www.namonarchs.org\/fr\/a-propos-du-site\/","og_locale":"fr_CA","og_type":"article","og_title":"De cet outil - Bo\u00eete \u00e0 outils pour la conservation du papillon monarque","og_description":"La bo\u00eete \u00e0 outils est destin\u00e9e aux agriculteurs, aux autres propri\u00e9taires fonciers, aux sp\u00e9cialistes du monarque et aux membres de la population qui s\u2019int\u00e9ressent \u00e0 la conservation du monarque. On esp\u00e8re que les praticiens et les d\u00e9cideurs l\u2019utiliseront pour d\u00e9terminer et reproduire les pratiques, programmes et projets reconnus et efficaces en vue de favoriser la [&hellip;]","og_url":"https:\/\/www.namonarchs.org\/fr\/a-propos-du-site\/","og_site_name":"Bo\u00eete \u00e0 outils pour la conservation du papillon monarque","article_modified_time":"2018-03-09T17:18:02+00:00","og_image":[{"width":1366,"height":607,"url":"https:\/\/www.namonarchs.org\/wp-content\/uploads\/2017\/12\/monarch-slides4-fr.jpg","type":"image\/jpeg"}],"twitter_card":"summary_large_image","twitter_misc":{"Estimation du temps de lecture":"2 minutes"},"schema":{"@context":"https:\/\/schema.org","@graph":[{"@type":"WebPage","@id":"https:\/\/www.namonarchs.org\/fr\/a-propos-du-site\/","url":"https:\/\/www.namonarchs.org\/fr\/a-propos-du-site\/","name":"De cet outil - Bo\u00eete \u00e0 outils pour la conservation du papillon monarque","isPartOf":{"@id":"https:\/\/www.namonarchs.org\/fr\/#website"},"primaryImageOfPage":{"@id":"https:\/\/www.namonarchs.org\/fr\/a-propos-du-site\/#primaryimage"},"image":{"@id":"https:\/\/www.namonarchs.org\/fr\/a-propos-du-site\/#primaryimage"},"thumbnailUrl":"https:\/\/www.namonarchs.org\/wp-content\/uploads\/2017\/12\/monarch-slides4-fr.jpg","datePublished":"2017-07-26T19:59:20+00:00","dateModified":"2018-03-09T17:18:02+00:00","breadcrumb":{"@id":"https:\/\/www.namonarchs.org\/fr\/a-propos-du-site\/#breadcrumb"},"inLanguage":"fr-CA","potentialAction":[{"@type":"ReadAction","target":["https:\/\/www.namonarchs.org\/fr\/a-propos-du-site\/"]}]},{"@type":"ImageObject","inLanguage":"fr-CA","@id":"https:\/\/www.namonarchs.org\/fr\/a-propos-du-site\/#primaryimage","url":"https:\/\/www.namonarchs.org\/wp-content\/uploads\/2017\/12\/monarch-slides4-fr.jpg","contentUrl":"https:\/\/www.namonarchs.org\/wp-content\/uploads\/2017\/12\/monarch-slides4-fr.jpg","width":1366,"height":607},{"@type":"BreadcrumbList","@id":"https:\/\/www.namonarchs.org\/fr\/a-propos-du-site\/#breadcrumb","itemListElement":[{"@type":"ListItem","position":1,"name":"Home","item":"https:\/\/www.namonarchs.org\/fr\/"},{"@type":"ListItem","position":2,"name":"De cet outil"}]},{"@type":"WebSite","@id":"https:\/\/www.namonarchs.org\/fr\/#website","url":"https:\/\/www.namonarchs.org\/fr\/","name":"Bo\u00eete \u00e0 outils pour la conservation du papillon monarque","description":"Monarch conservation temporary subtitle","potentialAction":[{"@type":"SearchAction","target":{"@type":"EntryPoint","urlTemplate":"https:\/\/www.namonarchs.org\/fr\/?s={search_term_string}"},"query-input":{"@type":"PropertyValueSpecification","valueRequired":true,"valueName":"search_term_string"}}],"inLanguage":"fr-CA"}]}},"_links":{"self":[{"href":"https:\/\/www.namonarchs.org\/fr\/wp-json\/wp\/v2\/pages\/2459","targetHints":{"allow":["GET"]}}],"collection":[{"href":"https:\/\/www.namonarchs.org\/fr\/wp-json\/wp\/v2\/pages"}],"about":[{"href":"https:\/\/www.namonarchs.org\/fr\/wp-json\/wp\/v2\/types\/page"}],"author":[{"embeddable":true,"href":"https:\/\/www.namonarchs.org\/fr\/wp-json\/wp\/v2\/users\/1"}],"replies":[{"embeddable":true,"href":"https:\/\/www.namonarchs.org\/fr\/wp-json\/wp\/v2\/comments?post=2459"}],"version-history":[{"count":0,"href":"https:\/\/www.namonarchs.org\/fr\/wp-json\/wp\/v2\/pages\/2459\/revisions"}],"wp:featuredmedia":[{"embeddable":true,"href":"https:\/\/www.namonarchs.org\/fr\/wp-json\/wp\/v2\/media\/6471"}],"wp:attachment":[{"href":"https:\/\/www.namonarchs.org\/fr\/wp-json\/wp\/v2\/media?parent=2459"}],"curies":[{"name":"wp","href":"https:\/\/api.w.org\/{rel}","templated":true}]}}