{"id":2465,"date":"2017-07-26T16:17:56","date_gmt":"2017-07-26T20:17:56","guid":{"rendered":"http:\/\/www.namonarchs.org\/?page_id=2465"},"modified":"2017-11-06T14:48:46","modified_gmt":"2017-11-06T19:48:46","slug":"list-of-abbreviations-and-acronyms","status":"publish","type":"page","link":"https:\/\/www.namonarchs.org\/fr\/list-of-abbreviations-and-acronyms\/","title":{"rendered":"Liste des sigles"},"content":{"rendered":"<table border=\"0\" cellspacing=\"0\" cellpadding=\"3\">\n<tbody>\n<tr>\n<td valign=\"top\" width=\"20%\">ACEP<\/td>\n<td valign=\"top\" width=\"80%\">Agricultural Conservation Easement Program<\/td>\n<\/tr>\n<tr>\n<td valign=\"top\">ALUS<\/td>\n<td valign=\"top\">Services de diversification des modes d\u2019occupation des sols<\/td>\n<\/tr>\n<tr>\n<td valign=\"top\">ANP<\/td>\n<td valign=\"top\">aire naturelle prot\u00e9g\u00e9e<\/td>\n<\/tr>\n<tr>\n<td valign=\"top\">APFF<\/td>\n<td valign=\"top\"><em>\u00c1rea de Protecci\u00f3n de Flora y Fauna<\/em> (aire de protection des esp\u00e8ces sauvages)<\/td>\n<\/tr>\n<tr>\n<td valign=\"top\">BLM<\/td>\n<td valign=\"top\">Bureau of Land Management<\/td>\n<\/tr>\n<tr>\n<td valign=\"top\">BMMM<\/td>\n<td valign=\"top\"><em>Bosque Modelo Mariposa Monarca<\/em> (for\u00eat mod\u00e8le du monarque)<\/td>\n<\/tr>\n<tr>\n<td valign=\"top\">CCE<\/td>\n<td valign=\"top\">Commission de coop\u00e9ration environnementale<\/td>\n<\/tr>\n<tr>\n<td valign=\"top\">CNC<\/td>\n<td valign=\"top\">Cibolo Nature Center<\/td>\n<\/tr>\n<tr>\n<td valign=\"top\">Conafor<\/td>\n<td valign=\"top\"><em>Comisi\u00f3n Nacional Forestal<\/em> (Commission nationale des for\u00eats)<\/td>\n<\/tr>\n<tr>\n<td valign=\"top\">Conanp<\/td>\n<td valign=\"top\"><em>Comisi\u00f3n Nacional de \u00c1reas Naturales Protegidas<\/em> (Commission nationale des aires naturelles prot\u00e9g\u00e9es)<\/td>\n<\/tr>\n<tr>\n<td valign=\"top\">CRP<\/td>\n<td valign=\"top\">Conservation Reserve Program (Programme de conservation des terres)<\/td>\n<\/tr>\n<tr>\n<td valign=\"top\">CSP<\/td>\n<td valign=\"top\">Conservation Stewardship Program (Programme d\u2019intendance de la conservation)<\/td>\n<\/tr>\n<tr>\n<td valign=\"top\">CTA<\/td>\n<td valign=\"top\">Conservation Technical Assistance Program (Programme d\u2019assistance technique pour la conservation)<\/td>\n<\/tr>\n<tr>\n<td valign=\"top\">DNR<\/td>\n<td valign=\"top\">Minist\u00e8re des Ressources naturelles (\u00c9tats-Unis)<\/td>\n<\/tr>\n<tr>\n<td valign=\"top\">DOT<\/td>\n<td valign=\"top\">Minist\u00e8re des Transports (\u00c9tats-Unis)<\/td>\n<\/tr>\n<tr>\n<td valign=\"top\">ECCC<\/td>\n<td valign=\"top\">Environnement et Changement climatique Canada<\/td>\n<\/tr>\n<tr>\n<td valign=\"top\">EEP<\/td>\n<td valign=\"top\">esp\u00e8ces en p\u00e9ril<\/td>\n<\/tr>\n<tr>\n<td valign=\"top\">EQIP<\/td>\n<td valign=\"top\">Environmental Quality Incentives Program (Programme d\u2019incitatifs ax\u00e9s sur la qualit\u00e9 de l\u2019environnement)<\/td>\n<\/tr>\n<tr>\n<td valign=\"top\">ESCLH<\/td>\n<td valign=\"top\">Environmentally Significant Class of Land Holdings (exemption visant les terres \u00e9cologiquement importantes)<\/td>\n<\/tr>\n<tr>\n<td valign=\"top\">ERC<\/td>\n<td valign=\"top\">Energy Resources Center (Centre de ressources \u00e9nerg\u00e9tiques)<\/td>\n<\/tr>\n<tr>\n<td valign=\"top\">FANP<\/td>\n<td valign=\"top\"><em>Fondo para \u00c1reas Naturales Protegidas<\/em> (Fonds pour les aires naturelles prot\u00e9g\u00e9es)<\/td>\n<\/tr>\n<tr>\n<td valign=\"top\">FMCN<\/td>\n<td valign=\"top\"><em>Fondo Mexicano para la Conservaci\u00f3n de la Naturaleza<\/em> (Fonds pour la conservation de la nature)<\/td>\n<\/tr>\n<tr>\n<td valign=\"top\">FSA<\/td>\n<td valign=\"top\">Farm Service Agency (Agence des services agricoles) de l\u2019USDA<\/td>\n<\/tr>\n<tr>\n<td valign=\"top\">GPS<\/td>\n<td valign=\"top\">syst\u00e8me mondial de localisation<\/td>\n<\/tr>\n<tr>\n<td valign=\"top\">HSP<\/td>\n<td valign=\"top\">Habitat Stewardship Program (Programme d\u2019intendance de l\u2019habitat)<\/td>\n<\/tr>\n<tr>\n<td valign=\"top\">\u00ce.-P.-\u00c9.<\/td>\n<td valign=\"top\">\u00cele-du-Prince-\u00c9douard<\/td>\n<\/tr>\n<tr>\n<td valign=\"top\">ITC<\/td>\n<td valign=\"top\">ITC Holdings Corporation<\/td>\n<\/tr>\n<tr>\n<td valign=\"top\">IVM<\/td>\n<td valign=\"top\">Integrated Vegetative Management (gestion int\u00e9gr\u00e9e de la v\u00e9g\u00e9tation)<\/td>\n<\/tr>\n<tr>\n<td valign=\"top\">LAI<\/td>\n<td valign=\"top\">lutte antiparasitaire int\u00e9gr\u00e9e<\/td>\n<\/tr>\n<tr>\n<td valign=\"top\">LCRA<\/td>\n<td valign=\"top\">Lower Colorado River Authority (Autorit\u00e9 du cours inf\u00e9rieur du Colorado)<\/td>\n<\/tr>\n<tr>\n<td valign=\"top\">LEP<\/td>\n<td valign=\"top\"><em>Loi sur les esp\u00e8ces en p\u00e9ril<\/em><\/td>\n<\/tr>\n<tr>\n<td valign=\"top\">LIP<\/td>\n<td valign=\"top\">Landowner Incentive Program (programme d\u2019encouragement des propri\u00e9taires fonciers)<\/td>\n<\/tr>\n<tr>\n<td valign=\"top\">MAG<\/td>\n<td valign=\"top\">Monarchs Across Georgia<\/td>\n<\/tr>\n<tr>\n<td valign=\"top\">MAPAQ<\/td>\n<td valign=\"top\">Minist\u00e8re de l&rsquo;Agriculture, des P\u00eacheries et de l&rsquo;Alimentation du Qu\u00e9bec<\/td>\n<\/tr>\n<tr>\n<td valign=\"top\">MBF<\/td>\n<td valign=\"top\">Monarch Butterfly Fund (Fonds pour le monarque)<\/td>\n<\/tr>\n<tr>\n<td valign=\"top\">MBMF<\/td>\n<td valign=\"top\">Monarch Butterfly Model Forest (For\u00eat mod\u00e8le du monarque)<\/td>\n<\/tr>\n<tr>\n<td valign=\"top\">MCSP<\/td>\n<td valign=\"top\">Monarch Conservation Science Partnership (Partenariat scientifique pour la conservation du monarque)<\/td>\n<\/tr>\n<tr>\n<td valign=\"top\">MJV<\/td>\n<td valign=\"top\">Monarch Joint Venture<\/td>\n<\/tr>\n<tr>\n<td valign=\"top\">MLMP<\/td>\n<td valign=\"top\">Monarch Larva Monitoring Project (Projet de surveillance des larves de monarque)<\/td>\n<\/tr>\n<tr>\n<td valign=\"top\">MnDNR<\/td>\n<td valign=\"top\">Minist\u00e8re des Ressources naturelles du Minnesota<\/td>\n<\/tr>\n<tr>\n<td valign=\"top\">Monarch Lab<\/td>\n<td valign=\"top\">Monarch Lab (de l\u2019University of Minnesota)<\/td>\n<\/tr>\n<tr>\n<td valign=\"top\">MSB<\/td>\n<td valign=\"top\">Kew Millennium Seed Bank (Banque de graines pour le mill\u00e9naire des Royal Botanic Gardens de Kew)<\/td>\n<\/tr>\n<tr>\n<td valign=\"top\">NABA<\/td>\n<td valign=\"top\">North American Butterfly Association (Association des papillons nord-am\u00e9ricains)<\/td>\n<\/tr>\n<tr>\n<td valign=\"top\">NCPS<\/td>\n<td valign=\"top\">National Conservation Practice Standards (Normes nationales relatives aux pratiques de conservation)<\/td>\n<\/tr>\n<tr>\n<td valign=\"top\">NCTC<\/td>\n<td valign=\"top\">National Conservation Training Center (Centre national de fomation sur la conservation)<\/td>\n<\/tr>\n<tr>\n<td valign=\"top\">NFWF<\/td>\n<td valign=\"top\">National Fish and Wildlife Foundation (Fondation nationale des esp\u00e8ces sauvages et de la p\u00eache)<\/td>\n<\/tr>\n<tr>\n<td valign=\"top\">NRCS<\/td>\n<td valign=\"top\">Natural Resources Conservation Service (Service de conservation des ressources naturelles) de l\u2019USDA<\/td>\n<\/tr>\n<tr>\n<td valign=\"top\">NRPA<\/td>\n<td valign=\"top\">National Recreation and Park Association (Association nationale des parcs et des loisirs des \u00c9tats-Unis)<\/td>\n<\/tr>\n<tr>\n<td valign=\"top\">NWF<\/td>\n<td valign=\"top\">National Wildlife Federation (F\u00e9d\u00e9ration nationale de la faune)<\/td>\n<\/tr>\n<tr>\n<td valign=\"top\">OE<\/td>\n<td valign=\"top\"><em>Ophryocystis elektroscirrha<\/em> (parasite des monarques)<\/td>\n<\/tr>\n<tr>\n<td valign=\"top\">ONG<\/td>\n<td valign=\"top\">organisation non gouvernementale<\/td>\n<\/tr>\n<tr>\n<td valign=\"top\">P2<\/td>\n<td valign=\"top\">Pollinator Partnership (Partenariat pour les pollinisateurs)<\/td>\n<\/tr>\n<tr>\n<td valign=\"top\">PEG<\/td>\n<td valign=\"top\">pratique exemplaire de gestion<\/td>\n<\/tr>\n<tr>\n<td valign=\"top\">PET<\/td>\n<td valign=\"top\"><em>Programa de Empleo Temporal<\/em> (Programme d\u2019emploi temporaire)<\/td>\n<\/tr>\n<tr>\n<td valign=\"top\">PFW<\/td>\n<td valign=\"top\">Partners for Fish and Wildlife<\/td>\n<\/tr>\n<tr>\n<td valign=\"top\">Procodes<\/td>\n<td valign=\"top\"><em>Programa de Conservaci\u00f3n para el Desarrollo Sostenible<\/em> (Programme de conservation pour le d\u00e9veloppement durable)<\/td>\n<\/tr>\n<tr>\n<td valign=\"top\">Profauna<\/td>\n<td valign=\"top\"><em>Protecci\u00f3n de la Fauna Mexicana AC<\/em><\/td>\n<\/tr>\n<tr>\n<td valign=\"top\">PSA<\/td>\n<td valign=\"top\"><em>Pagos por Servicios Ambientales<\/em> (Paiement des services environnementaux)<\/td>\n<\/tr>\n<tr>\n<td valign=\"top\">RCPP<\/td>\n<td valign=\"top\">Regional Conservation Partnership Program (Programme de partenariats r\u00e9gionaux pour la conservation)<\/td>\n<\/tr>\n<tr>\n<td valign=\"top\">SAFE<\/td>\n<td valign=\"top\">State Acres for Wildlife Enhancement (allocation de terres de l\u2019\u00c9tat \u00e0 l\u2019am\u00e9lioration de l\u2019habitat des esp\u00e8ces sauvages)<\/td>\n<\/tr>\n<tr>\n<td valign=\"top\">SARPAL<\/td>\n<td valign=\"top\">Species at Risk Partnership on Agricultural Lands (Partenariat pour les esp\u00e8ces en p\u00e9ril sur les terres agricoles)<\/td>\n<\/tr>\n<tr>\n<td valign=\"top\">Semarnat<\/td>\n<td valign=\"top\"><em>Secretar\u00eda del Medio Ambiente y Recursos Naturales<\/em> (minist\u00e8re de l\u2019Environnement et des Ressources naturelles)<\/td>\n<\/tr>\n<tr>\n<td valign=\"top\">SGCN<\/td>\n<td valign=\"top\">Species of Greatest Conservation Need (esp\u00e8ces ayant le plus besoin de mesures de conservation)<\/td>\n<\/tr>\n<tr>\n<td valign=\"top\">SODCAP<\/td>\n<td valign=\"top\">South of the Divide Conservation Action Program, Inc.<\/td>\n<\/tr>\n<tr>\n<td valign=\"top\">SSGA<\/td>\n<td valign=\"top\">Association des \u00e9leveurs de b\u00e9tail de la Saskatchewan<\/td>\n<\/tr>\n<tr>\n<td valign=\"top\">STRIPS<\/td>\n<td valign=\"top\">Science-based Trials of Rowcrops Integrated with Prairie Strips (essais scientifiques de culture en rang int\u00e9gr\u00e9e aux bandes de terres des prairies)<\/td>\n<\/tr>\n<tr>\n<td valign=\"top\">SWCD<\/td>\n<td valign=\"top\">Soil and Water Conservation District (district de conservation des sols et de l\u2019eau)<\/td>\n<\/tr>\n<tr>\n<td valign=\"top\">TPWD<\/td>\n<td valign=\"top\">Texas Parks and Wildlife Department (minist\u00e8re des Parcs et de la Faune du Texas)<\/td>\n<\/tr>\n<tr>\n<td valign=\"top\">TWRA<\/td>\n<td valign=\"top\">Tennessee Wildlife Resources Agency (Agence des ressources fauniques du Tennessee)<\/td>\n<\/tr>\n<tr>\n<td valign=\"top\">USDA<\/td>\n<td valign=\"top\">Minist\u00e8re de l\u2019Agriculture des \u00c9tats-Unis<\/td>\n<\/tr>\n<tr>\n<td valign=\"top\">USDOI<\/td>\n<td valign=\"top\">Minist\u00e8re de l\u2019Int\u00e9rieur des \u00c9tats-Unis<\/td>\n<\/tr>\n<tr>\n<td valign=\"top\">USFWS<\/td>\n<td valign=\"top\">Service des p\u00eaches et de la faune des \u00c9tats-Unis<\/td>\n<\/tr>\n<tr>\n<td valign=\"top\">USGS<\/td>\n<td valign=\"top\">Service g\u00e9ologique des \u00c9tats-Unis<\/td>\n<\/tr>\n<tr>\n<td valign=\"top\">Wild Ones<\/td>\n<td valign=\"top\">Wild Ones: Native Plants, Natural Landscapes<\/td>\n<\/tr>\n<tr>\n<td valign=\"top\">WRP<\/td>\n<td valign=\"top\">Wetlands Reserve Program (Programme de pr\u00e9servation des terres humides)<\/td>\n<\/tr>\n<tr>\n<td valign=\"top\">WWF<\/td>\n<td valign=\"top\">World Wildlife Fund (Fonds mondial pour la nature)<\/td>\n<\/tr>\n<tr>\n<td valign=\"top\">Xerces Society<\/td>\n<td valign=\"top\">Xerces Society for Invertebrate Conservation<\/td>\n<\/tr>\n<\/tbody>\n<\/table>\n","protected":false},"excerpt":{"rendered":"<p>ACEP Agricultural Conservation Easement Program ALUS Services de diversification des modes d\u2019occupation des sols ANP aire naturelle prot\u00e9g\u00e9e APFF \u00c1rea de Protecci\u00f3n de Flora y Fauna (aire de protection des esp\u00e8ces sauvages) BLM Bureau of Land Management BMMM Bosque Modelo Mariposa Monarca (for\u00eat mod\u00e8le du monarque) CCE Commission de coop\u00e9ration environnementale CNC Cibolo Nature Center [&hellip;]<\/p>\n","protected":false},"author":1,"featured_media":0,"parent":0,"menu_order":0,"comment_status":"closed","ping_status":"closed","template":"","meta":{"_acf_changed":false,"footnotes":""},"class_list":["post-2465","page","type-page","status-publish","hentry"],"acf":[],"yoast_head":"<!-- This site is optimized with the Yoast SEO plugin v27.6 - https:\/\/yoast.com\/product\/yoast-seo-wordpress\/ -->\n<title>Liste des sigles - Bo\u00eete \u00e0 outils pour la conservation du papillon monarque<\/title>\n<meta name=\"robots\" content=\"index, follow, max-snippet:-1, max-image-preview:large, max-video-preview:-1\" \/>\n<link rel=\"canonical\" href=\"https:\/\/www.namonarchs.org\/fr\/list-of-abbreviations-and-acronyms\/\" \/>\n<meta property=\"og:locale\" content=\"fr_CA\" \/>\n<meta property=\"og:type\" content=\"article\" \/>\n<meta property=\"og:title\" content=\"Liste des sigles - Bo\u00eete \u00e0 outils pour la conservation du papillon monarque\" \/>\n<meta property=\"og:description\" content=\"ACEP Agricultural Conservation Easement Program ALUS Services de diversification des modes d\u2019occupation des sols ANP aire naturelle prot\u00e9g\u00e9e APFF \u00c1rea de Protecci\u00f3n de Flora y Fauna (aire de protection des esp\u00e8ces sauvages) BLM Bureau of Land Management BMMM Bosque Modelo Mariposa Monarca (for\u00eat mod\u00e8le du monarque) CCE Commission de coop\u00e9ration environnementale CNC Cibolo Nature Center [&hellip;]\" \/>\n<meta property=\"og:url\" content=\"https:\/\/www.namonarchs.org\/fr\/list-of-abbreviations-and-acronyms\/\" \/>\n<meta property=\"og:site_name\" content=\"Bo\u00eete \u00e0 outils pour la conservation du papillon monarque\" \/>\n<meta property=\"article:modified_time\" content=\"2017-11-06T19:48:46+00:00\" \/>\n<meta name=\"twitter:card\" content=\"summary_large_image\" \/>\n<meta name=\"twitter:label1\" content=\"Estimation du temps de lecture\" \/>\n\t<meta name=\"twitter:data1\" content=\"4 minutes\" \/>\n<script type=\"application\/ld+json\" class=\"yoast-schema-graph\">{\"@context\":\"https:\\\/\\\/schema.org\",\"@graph\":[{\"@type\":\"WebPage\",\"@id\":\"https:\\\/\\\/www.namonarchs.org\\\/fr\\\/list-of-abbreviations-and-acronyms\\\/\",\"url\":\"https:\\\/\\\/www.namonarchs.org\\\/fr\\\/list-of-abbreviations-and-acronyms\\\/\",\"name\":\"Liste des sigles - Bo\u00eete \u00e0 outils pour la conservation du papillon monarque\",\"isPartOf\":{\"@id\":\"https:\\\/\\\/www.namonarchs.org\\\/fr\\\/#website\"},\"datePublished\":\"2017-07-26T20:17:56+00:00\",\"dateModified\":\"2017-11-06T19:48:46+00:00\",\"breadcrumb\":{\"@id\":\"https:\\\/\\\/www.namonarchs.org\\\/fr\\\/list-of-abbreviations-and-acronyms\\\/#breadcrumb\"},\"inLanguage\":\"fr-CA\",\"potentialAction\":[{\"@type\":\"ReadAction\",\"target\":[\"https:\\\/\\\/www.namonarchs.org\\\/fr\\\/list-of-abbreviations-and-acronyms\\\/\"]}]},{\"@type\":\"BreadcrumbList\",\"@id\":\"https:\\\/\\\/www.namonarchs.org\\\/fr\\\/list-of-abbreviations-and-acronyms\\\/#breadcrumb\",\"itemListElement\":[{\"@type\":\"ListItem\",\"position\":1,\"name\":\"Home\",\"item\":\"https:\\\/\\\/www.namonarchs.org\\\/fr\\\/\"},{\"@type\":\"ListItem\",\"position\":2,\"name\":\"Liste des sigles\"}]},{\"@type\":\"WebSite\",\"@id\":\"https:\\\/\\\/www.namonarchs.org\\\/fr\\\/#website\",\"url\":\"https:\\\/\\\/www.namonarchs.org\\\/fr\\\/\",\"name\":\"Bo\u00eete \u00e0 outils pour la conservation du papillon monarque\",\"description\":\"Monarch conservation temporary subtitle\",\"potentialAction\":[{\"@type\":\"SearchAction\",\"target\":{\"@type\":\"EntryPoint\",\"urlTemplate\":\"https:\\\/\\\/www.namonarchs.org\\\/fr\\\/?s={search_term_string}\"},\"query-input\":{\"@type\":\"PropertyValueSpecification\",\"valueRequired\":true,\"valueName\":\"search_term_string\"}}],\"inLanguage\":\"fr-CA\"}]}<\/script>\n<!-- \/ Yoast SEO plugin. -->","yoast_head_json":{"title":"Liste des sigles - Bo\u00eete \u00e0 outils pour la conservation du papillon monarque","robots":{"index":"index","follow":"follow","max-snippet":"max-snippet:-1","max-image-preview":"max-image-preview:large","max-video-preview":"max-video-preview:-1"},"canonical":"https:\/\/www.namonarchs.org\/fr\/list-of-abbreviations-and-acronyms\/","og_locale":"fr_CA","og_type":"article","og_title":"Liste des sigles - Bo\u00eete \u00e0 outils pour la conservation du papillon monarque","og_description":"ACEP Agricultural Conservation Easement Program ALUS Services de diversification des modes d\u2019occupation des sols ANP aire naturelle prot\u00e9g\u00e9e APFF \u00c1rea de Protecci\u00f3n de Flora y Fauna (aire de protection des esp\u00e8ces sauvages) BLM Bureau of Land Management BMMM Bosque Modelo Mariposa Monarca (for\u00eat mod\u00e8le du monarque) CCE Commission de coop\u00e9ration environnementale CNC Cibolo Nature Center [&hellip;]","og_url":"https:\/\/www.namonarchs.org\/fr\/list-of-abbreviations-and-acronyms\/","og_site_name":"Bo\u00eete \u00e0 outils pour la conservation du papillon monarque","article_modified_time":"2017-11-06T19:48:46+00:00","twitter_card":"summary_large_image","twitter_misc":{"Estimation du temps de lecture":"4 minutes"},"schema":{"@context":"https:\/\/schema.org","@graph":[{"@type":"WebPage","@id":"https:\/\/www.namonarchs.org\/fr\/list-of-abbreviations-and-acronyms\/","url":"https:\/\/www.namonarchs.org\/fr\/list-of-abbreviations-and-acronyms\/","name":"Liste des sigles - Bo\u00eete \u00e0 outils pour la conservation du papillon monarque","isPartOf":{"@id":"https:\/\/www.namonarchs.org\/fr\/#website"},"datePublished":"2017-07-26T20:17:56+00:00","dateModified":"2017-11-06T19:48:46+00:00","breadcrumb":{"@id":"https:\/\/www.namonarchs.org\/fr\/list-of-abbreviations-and-acronyms\/#breadcrumb"},"inLanguage":"fr-CA","potentialAction":[{"@type":"ReadAction","target":["https:\/\/www.namonarchs.org\/fr\/list-of-abbreviations-and-acronyms\/"]}]},{"@type":"BreadcrumbList","@id":"https:\/\/www.namonarchs.org\/fr\/list-of-abbreviations-and-acronyms\/#breadcrumb","itemListElement":[{"@type":"ListItem","position":1,"name":"Home","item":"https:\/\/www.namonarchs.org\/fr\/"},{"@type":"ListItem","position":2,"name":"Liste des sigles"}]},{"@type":"WebSite","@id":"https:\/\/www.namonarchs.org\/fr\/#website","url":"https:\/\/www.namonarchs.org\/fr\/","name":"Bo\u00eete \u00e0 outils pour la conservation du papillon monarque","description":"Monarch conservation temporary subtitle","potentialAction":[{"@type":"SearchAction","target":{"@type":"EntryPoint","urlTemplate":"https:\/\/www.namonarchs.org\/fr\/?s={search_term_string}"},"query-input":{"@type":"PropertyValueSpecification","valueRequired":true,"valueName":"search_term_string"}}],"inLanguage":"fr-CA"}]}},"_links":{"self":[{"href":"https:\/\/www.namonarchs.org\/fr\/wp-json\/wp\/v2\/pages\/2465","targetHints":{"allow":["GET"]}}],"collection":[{"href":"https:\/\/www.namonarchs.org\/fr\/wp-json\/wp\/v2\/pages"}],"about":[{"href":"https:\/\/www.namonarchs.org\/fr\/wp-json\/wp\/v2\/types\/page"}],"author":[{"embeddable":true,"href":"https:\/\/www.namonarchs.org\/fr\/wp-json\/wp\/v2\/users\/1"}],"replies":[{"embeddable":true,"href":"https:\/\/www.namonarchs.org\/fr\/wp-json\/wp\/v2\/comments?post=2465"}],"version-history":[{"count":0,"href":"https:\/\/www.namonarchs.org\/fr\/wp-json\/wp\/v2\/pages\/2465\/revisions"}],"wp:attachment":[{"href":"https:\/\/www.namonarchs.org\/fr\/wp-json\/wp\/v2\/media?parent=2465"}],"curies":[{"name":"wp","href":"https:\/\/api.w.org\/{rel}","templated":true}]}}