{"id":2470,"date":"2017-07-31T09:51:13","date_gmt":"2017-07-31T13:51:13","guid":{"rendered":"http:\/\/www.namonarchs.org\/?page_id=2470\/"},"modified":"2025-03-07T15:35:24","modified_gmt":"2025-03-07T20:35:24","slug":"passez-a-l-action","status":"publish","type":"page","link":"https:\/\/www.namonarchs.org\/fr\/passez-a-l-action\/","title":{"rendered":"Passez \u00e0 l&rsquo;action!"},"content":{"rendered":"<h3 class=\"rtecenter\" style=\"text-align: left;\"><strong><em>Participez aux efforts de conservation du monarque et de son habitat en Am\u00e9rique du Nord!<\/em><\/strong><\/h3>\n<div id=\"metaslider-id-7125\" style=\"width: 100%; margin: 0 auto;\" class=\"ml-slider-3-108-0 metaslider metaslider-flex metaslider-7125 ml-slider has-dots-nav ms-theme-default-base\" role=\"region\" aria-label=\"10 Choses Slideshow\" data-height=\"423\" data-width=\"834\">\n    <div id=\"metaslider_container_7125\">\n        <div id=\"metaslider_7125\">\n            <ul class='slides'>\n                <li style=\"display: block; width: 100%;\" class=\"slide-7126 ms-image \" aria-roledescription=\"slide\" data-date=\"2025-03-07 15:26:54\" data-filename=\"slide-fr-0-834x423.jpg\" data-slide-type=\"image\"><img loading=\"lazy\" decoding=\"async\" src=\"https:\/\/www.namonarchs.org\/wp-content\/uploads\/2017\/06\/slide-fr-0-834x423.jpg\" height=\"423\" width=\"834\" alt=\"\" class=\"slider-7125 slide-7126 msDefaultImage\" title=\"10 choses que vous pouvez faire pour aider \u00e0 sauver le monarque\" \/><\/li>\n                <li style=\"display: none; width: 100%;\" class=\"slide-7127 ms-image \" aria-roledescription=\"slide\" data-date=\"2025-03-07 15:26:54\" data-filename=\"slide-fr-1-834x423.jpg\" data-slide-type=\"image\"><img loading=\"lazy\" decoding=\"async\" src=\"https:\/\/www.namonarchs.org\/wp-content\/uploads\/2017\/06\/slide-fr-1-834x423.jpg\" height=\"423\" width=\"834\" alt=\"\" class=\"slider-7125 slide-7127 msDefaultImage\" title=\"slide-fr-1\" \/><\/li>\n                <li style=\"display: none; width: 100%;\" class=\"slide-7128 ms-image \" aria-roledescription=\"slide\" data-date=\"2025-03-07 15:26:54\" data-filename=\"slide-fr-2-834x423.jpg\" data-slide-type=\"image\"><img loading=\"lazy\" decoding=\"async\" src=\"https:\/\/www.namonarchs.org\/wp-content\/uploads\/2017\/06\/slide-fr-2-834x423.jpg\" height=\"423\" width=\"834\" alt=\"\" class=\"slider-7125 slide-7128 msDefaultImage\" title=\"slide-fr-2\" \/><\/li>\n                <li style=\"display: none; width: 100%;\" class=\"slide-7129 ms-image \" aria-roledescription=\"slide\" data-date=\"2025-03-07 15:26:54\" data-filename=\"slide-fr3-834x423.jpg\" data-slide-type=\"image\"><img loading=\"lazy\" decoding=\"async\" src=\"https:\/\/www.namonarchs.org\/wp-content\/uploads\/2017\/06\/slide-fr3-834x423.jpg\" height=\"423\" width=\"834\" alt=\"\" class=\"slider-7125 slide-7129 msDefaultImage\" title=\"slide-fr3\" \/><\/li>\n                <li style=\"display: none; width: 100%;\" class=\"slide-7130 ms-image \" aria-roledescription=\"slide\" data-date=\"2025-03-07 15:26:54\" data-filename=\"slide-fr-4-834x423.jpg\" data-slide-type=\"image\"><img loading=\"lazy\" decoding=\"async\" src=\"https:\/\/www.namonarchs.org\/wp-content\/uploads\/2017\/06\/slide-fr-4-834x423.jpg\" height=\"423\" width=\"834\" alt=\"\" class=\"slider-7125 slide-7130 msDefaultImage\" title=\"slide-fr-4\" \/><\/li>\n                <li style=\"display: none; width: 100%;\" class=\"slide-7131 ms-image \" aria-roledescription=\"slide\" data-date=\"2025-03-07 15:26:54\" data-filename=\"slide-fr-5-834x423.jpg\" data-slide-type=\"image\"><img loading=\"lazy\" decoding=\"async\" src=\"https:\/\/www.namonarchs.org\/wp-content\/uploads\/2017\/06\/slide-fr-5-834x423.jpg\" height=\"423\" width=\"834\" alt=\"\" class=\"slider-7125 slide-7131 msDefaultImage\" title=\"slide-fr-5\" \/><\/li>\n                <li style=\"display: none; width: 100%;\" class=\"slide-7132 ms-image \" aria-roledescription=\"slide\" data-date=\"2025-03-07 15:26:54\" data-filename=\"slide-fr-6-834x423.jpg\" data-slide-type=\"image\"><img loading=\"lazy\" decoding=\"async\" src=\"https:\/\/www.namonarchs.org\/wp-content\/uploads\/2017\/06\/slide-fr-6-834x423.jpg\" height=\"423\" width=\"834\" alt=\"\" class=\"slider-7125 slide-7132 msDefaultImage\" title=\"slide-fr-6\" \/><\/li>\n                <li style=\"display: none; width: 100%;\" class=\"slide-7133 ms-image \" aria-roledescription=\"slide\" data-date=\"2025-03-07 15:26:54\" data-filename=\"slide-fr-7-834x423.jpg\" data-slide-type=\"image\"><img loading=\"lazy\" decoding=\"async\" src=\"https:\/\/www.namonarchs.org\/wp-content\/uploads\/2017\/06\/slide-fr-7-834x423.jpg\" height=\"423\" width=\"834\" alt=\"\" class=\"slider-7125 slide-7133 msDefaultImage\" title=\"slide-fr-7\" \/><\/li>\n                <li style=\"display: none; width: 100%;\" class=\"slide-7134 ms-image \" aria-roledescription=\"slide\" data-date=\"2025-03-07 15:26:54\" data-filename=\"slide-fr-8-834x423.jpg\" data-slide-type=\"image\"><img loading=\"lazy\" decoding=\"async\" src=\"https:\/\/www.namonarchs.org\/wp-content\/uploads\/2017\/06\/slide-fr-8-834x423.jpg\" height=\"423\" width=\"834\" alt=\"\" class=\"slider-7125 slide-7134 msDefaultImage\" title=\"slide-fr-8\" \/><\/li>\n                <li style=\"display: none; width: 100%;\" class=\"slide-7135 ms-image \" aria-roledescription=\"slide\" data-date=\"2025-03-07 15:26:54\" data-filename=\"slide-fr-9-834x423.jpg\" data-slide-type=\"image\"><img loading=\"lazy\" decoding=\"async\" src=\"https:\/\/www.namonarchs.org\/wp-content\/uploads\/2017\/06\/slide-fr-9-834x423.jpg\" height=\"423\" width=\"834\" alt=\"\" class=\"slider-7125 slide-7135 msDefaultImage\" title=\"slide-fr-9\" \/><\/li>\n                <li style=\"display: none; width: 100%;\" class=\"slide-7136 ms-image \" aria-roledescription=\"slide\" data-date=\"2025-03-07 15:26:54\" data-filename=\"slide-fr-10-834x423.jpg\" data-slide-type=\"image\"><img loading=\"lazy\" decoding=\"async\" src=\"https:\/\/www.namonarchs.org\/wp-content\/uploads\/2017\/06\/slide-fr-10-834x423.jpg\" height=\"423\" width=\"834\" alt=\"\" class=\"slider-7125 slide-7136 msDefaultImage\" title=\"slide-fr-10\" \/><\/li>\n            <\/ul>\n        <div class='flex-progress-bar'><\/div>\n        <\/div>\n        \n    <\/div>\n<\/div>\n<p class=\"rtecenter\" style=\"text-align: left;\">Notre campagne\u00a0<em>10 choses que vous pouvez faire pour aider \u00e0 sauver le monarque<\/em>\u00a0vise \u00e0 encourager les Nord-Am\u00e9ricains \u00e0 participer aux activit\u00e9s de surveillance et de conservation du monarque, et aux programmes d\u2019\u00e9ducation sur le monarque.<\/p>\n<p class=\"rtecenter\" style=\"text-align: left;\">Pour en savoir plus sur ce que nous faisons pour la conservation de ce papillon embl\u00e9matique, visitez la page\u00a0<a class=\"orange-link\" href=\"http:\/\/www.cec.org\/monarque\">www.cec.org\/monarque<\/a>.<\/p>\n<p class=\"btn--success\" style=\"text-align: left;\"><a href=\"https:\/\/youtu.be\/152WiJ0uRc0\">Regardez notre vid\u00e9o<\/a><\/p>\n","protected":false},"excerpt":{"rendered":"<p>Participez aux efforts de conservation du monarque et de son habitat en Am\u00e9rique du Nord! Notre campagne\u00a010 choses que vous pouvez faire pour aider \u00e0 sauver le monarque\u00a0vise \u00e0 encourager les Nord-Am\u00e9ricains \u00e0 participer aux activit\u00e9s de surveillance et de conservation du monarque, et aux programmes d\u2019\u00e9ducation sur le monarque. Pour en savoir plus sur [&hellip;]<\/p>\n","protected":false},"author":1,"featured_media":0,"parent":0,"menu_order":0,"comment_status":"closed","ping_status":"closed","template":"page-tool.php","meta":{"_acf_changed":false,"footnotes":""},"class_list":["post-2470","page","type-page","status-publish","hentry"],"acf":[],"yoast_head":"<!-- This site is optimized with the Yoast SEO plugin v27.4 - https:\/\/yoast.com\/product\/yoast-seo-wordpress\/ -->\n<title>Passez \u00e0 l&#039;action! - Bo\u00eete \u00e0 outils pour la conservation du papillon monarque<\/title>\n<meta name=\"robots\" content=\"index, follow, max-snippet:-1, max-image-preview:large, max-video-preview:-1\" \/>\n<link rel=\"canonical\" href=\"https:\/\/www.namonarchs.org\/fr\/passez-a-l-action\/\" \/>\n<meta property=\"og:locale\" content=\"fr_CA\" \/>\n<meta property=\"og:type\" content=\"article\" \/>\n<meta property=\"og:title\" content=\"Passez \u00e0 l&#039;action! - Bo\u00eete \u00e0 outils pour la conservation du papillon monarque\" \/>\n<meta property=\"og:description\" content=\"Participez aux efforts de conservation du monarque et de son habitat en Am\u00e9rique du Nord! Notre campagne\u00a010 choses que vous pouvez faire pour aider \u00e0 sauver le monarque\u00a0vise \u00e0 encourager les Nord-Am\u00e9ricains \u00e0 participer aux activit\u00e9s de surveillance et de conservation du monarque, et aux programmes d\u2019\u00e9ducation sur le monarque. Pour en savoir plus sur [&hellip;]\" \/>\n<meta property=\"og:url\" content=\"https:\/\/www.namonarchs.org\/fr\/passez-a-l-action\/\" \/>\n<meta property=\"og:site_name\" content=\"Bo\u00eete \u00e0 outils pour la conservation du papillon monarque\" \/>\n<meta property=\"article:modified_time\" content=\"2025-03-07T20:35:24+00:00\" \/>\n<meta name=\"twitter:card\" content=\"summary_large_image\" \/>\n<meta name=\"twitter:label1\" content=\"Estimation du temps de lecture\" \/>\n\t<meta name=\"twitter:data1\" content=\"1 minute\" \/>\n<script type=\"application\/ld+json\" class=\"yoast-schema-graph\">{\"@context\":\"https:\\\/\\\/schema.org\",\"@graph\":[{\"@type\":\"WebPage\",\"@id\":\"https:\\\/\\\/www.namonarchs.org\\\/fr\\\/passez-a-l-action\\\/\",\"url\":\"https:\\\/\\\/www.namonarchs.org\\\/fr\\\/passez-a-l-action\\\/\",\"name\":\"Passez \u00e0 l'action! - Bo\u00eete \u00e0 outils pour la conservation du papillon monarque\",\"isPartOf\":{\"@id\":\"https:\\\/\\\/www.namonarchs.org\\\/fr\\\/#website\"},\"datePublished\":\"2017-07-31T13:51:13+00:00\",\"dateModified\":\"2025-03-07T20:35:24+00:00\",\"breadcrumb\":{\"@id\":\"https:\\\/\\\/www.namonarchs.org\\\/fr\\\/passez-a-l-action\\\/#breadcrumb\"},\"inLanguage\":\"fr-CA\",\"potentialAction\":[{\"@type\":\"ReadAction\",\"target\":[\"https:\\\/\\\/www.namonarchs.org\\\/fr\\\/passez-a-l-action\\\/\"]}]},{\"@type\":\"BreadcrumbList\",\"@id\":\"https:\\\/\\\/www.namonarchs.org\\\/fr\\\/passez-a-l-action\\\/#breadcrumb\",\"itemListElement\":[{\"@type\":\"ListItem\",\"position\":1,\"name\":\"Home\",\"item\":\"https:\\\/\\\/www.namonarchs.org\\\/fr\\\/\"},{\"@type\":\"ListItem\",\"position\":2,\"name\":\"Passez \u00e0 l&rsquo;action!\"}]},{\"@type\":\"WebSite\",\"@id\":\"https:\\\/\\\/www.namonarchs.org\\\/fr\\\/#website\",\"url\":\"https:\\\/\\\/www.namonarchs.org\\\/fr\\\/\",\"name\":\"Bo\u00eete \u00e0 outils pour la conservation du papillon monarque\",\"description\":\"Monarch conservation temporary subtitle\",\"potentialAction\":[{\"@type\":\"SearchAction\",\"target\":{\"@type\":\"EntryPoint\",\"urlTemplate\":\"https:\\\/\\\/www.namonarchs.org\\\/fr\\\/?s={search_term_string}\"},\"query-input\":{\"@type\":\"PropertyValueSpecification\",\"valueRequired\":true,\"valueName\":\"search_term_string\"}}],\"inLanguage\":\"fr-CA\"}]}<\/script>\n<!-- \/ Yoast SEO plugin. -->","yoast_head_json":{"title":"Passez \u00e0 l'action! - Bo\u00eete \u00e0 outils pour la conservation du papillon monarque","robots":{"index":"index","follow":"follow","max-snippet":"max-snippet:-1","max-image-preview":"max-image-preview:large","max-video-preview":"max-video-preview:-1"},"canonical":"https:\/\/www.namonarchs.org\/fr\/passez-a-l-action\/","og_locale":"fr_CA","og_type":"article","og_title":"Passez \u00e0 l'action! - Bo\u00eete \u00e0 outils pour la conservation du papillon monarque","og_description":"Participez aux efforts de conservation du monarque et de son habitat en Am\u00e9rique du Nord! Notre campagne\u00a010 choses que vous pouvez faire pour aider \u00e0 sauver le monarque\u00a0vise \u00e0 encourager les Nord-Am\u00e9ricains \u00e0 participer aux activit\u00e9s de surveillance et de conservation du monarque, et aux programmes d\u2019\u00e9ducation sur le monarque. Pour en savoir plus sur [&hellip;]","og_url":"https:\/\/www.namonarchs.org\/fr\/passez-a-l-action\/","og_site_name":"Bo\u00eete \u00e0 outils pour la conservation du papillon monarque","article_modified_time":"2025-03-07T20:35:24+00:00","twitter_card":"summary_large_image","twitter_misc":{"Estimation du temps de lecture":"1 minute"},"schema":{"@context":"https:\/\/schema.org","@graph":[{"@type":"WebPage","@id":"https:\/\/www.namonarchs.org\/fr\/passez-a-l-action\/","url":"https:\/\/www.namonarchs.org\/fr\/passez-a-l-action\/","name":"Passez \u00e0 l'action! - Bo\u00eete \u00e0 outils pour la conservation du papillon monarque","isPartOf":{"@id":"https:\/\/www.namonarchs.org\/fr\/#website"},"datePublished":"2017-07-31T13:51:13+00:00","dateModified":"2025-03-07T20:35:24+00:00","breadcrumb":{"@id":"https:\/\/www.namonarchs.org\/fr\/passez-a-l-action\/#breadcrumb"},"inLanguage":"fr-CA","potentialAction":[{"@type":"ReadAction","target":["https:\/\/www.namonarchs.org\/fr\/passez-a-l-action\/"]}]},{"@type":"BreadcrumbList","@id":"https:\/\/www.namonarchs.org\/fr\/passez-a-l-action\/#breadcrumb","itemListElement":[{"@type":"ListItem","position":1,"name":"Home","item":"https:\/\/www.namonarchs.org\/fr\/"},{"@type":"ListItem","position":2,"name":"Passez \u00e0 l&rsquo;action!"}]},{"@type":"WebSite","@id":"https:\/\/www.namonarchs.org\/fr\/#website","url":"https:\/\/www.namonarchs.org\/fr\/","name":"Bo\u00eete \u00e0 outils pour la conservation du papillon monarque","description":"Monarch conservation temporary subtitle","potentialAction":[{"@type":"SearchAction","target":{"@type":"EntryPoint","urlTemplate":"https:\/\/www.namonarchs.org\/fr\/?s={search_term_string}"},"query-input":{"@type":"PropertyValueSpecification","valueRequired":true,"valueName":"search_term_string"}}],"inLanguage":"fr-CA"}]}},"_links":{"self":[{"href":"https:\/\/www.namonarchs.org\/fr\/wp-json\/wp\/v2\/pages\/2470","targetHints":{"allow":["GET"]}}],"collection":[{"href":"https:\/\/www.namonarchs.org\/fr\/wp-json\/wp\/v2\/pages"}],"about":[{"href":"https:\/\/www.namonarchs.org\/fr\/wp-json\/wp\/v2\/types\/page"}],"author":[{"embeddable":true,"href":"https:\/\/www.namonarchs.org\/fr\/wp-json\/wp\/v2\/users\/1"}],"replies":[{"embeddable":true,"href":"https:\/\/www.namonarchs.org\/fr\/wp-json\/wp\/v2\/comments?post=2470"}],"version-history":[{"count":1,"href":"https:\/\/www.namonarchs.org\/fr\/wp-json\/wp\/v2\/pages\/2470\/revisions"}],"predecessor-version":[{"id":7137,"href":"https:\/\/www.namonarchs.org\/fr\/wp-json\/wp\/v2\/pages\/2470\/revisions\/7137"}],"wp:attachment":[{"href":"https:\/\/www.namonarchs.org\/fr\/wp-json\/wp\/v2\/media?parent=2470"}],"curies":[{"name":"wp","href":"https:\/\/api.w.org\/{rel}","templated":true}]}}