{"id":5198,"date":"2017-10-03T10:50:05","date_gmt":"2017-10-03T14:50:05","guid":{"rendered":"http:\/\/www.namonarchs.org\/?page_id=5198"},"modified":"2017-12-19T15:44:53","modified_gmt":"2017-12-19T20:44:53","slug":"parlez-nous-de-vos-projets","status":"publish","type":"page","link":"https:\/\/www.namonarchs.org\/fr\/parlez-nous-de-vos-projets\/","title":{"rendered":"Parlez-nous de vos projets"},"content":{"rendered":"<p>Si vous adoptez des mesures favorables aux monarques sur votre terrain, si votre collectivit\u00e9 agit concr\u00e8tement pour la conservation des papillons monarques ou si votre organisation appuie des projets qui favorisent la conservation des monarques et des pollinisateurs, veuillez expliquer dans l\u2019espace ci-dessous comment cette bo\u00eete \u00e0 outils vous a \u00e9t\u00e9 utile et inclure tout commentaire que vous jugez pertinent. Pour en savoir plus sur ce que fait la CCE pour le monarque, inscrivez-vous \u00e0 notre liste d\u2019envoi.<\/p>\n<p class=\"btn--success\"><a href=\"mailto:info@cec.org?subject=Bo\u00eete \u00e0 outils pour la conservation du papillon monarque\">\u00c9crivez-nous!<\/a><\/p>\n","protected":false},"excerpt":{"rendered":"<p>Si vous adoptez des mesures favorables aux monarques sur votre terrain, si votre collectivit\u00e9 agit concr\u00e8tement pour la conservation des papillons monarques ou si votre organisation appuie des projets qui favorisent la conservation des monarques et des pollinisateurs, veuillez expliquer dans l\u2019espace ci-dessous comment cette bo\u00eete \u00e0 outils vous a \u00e9t\u00e9 utile et inclure tout [&hellip;]<\/p>\n","protected":false},"author":1,"featured_media":0,"parent":0,"menu_order":0,"comment_status":"closed","ping_status":"closed","template":"","meta":{"_acf_changed":false,"footnotes":""},"class_list":["post-5198","page","type-page","status-publish","hentry"],"acf":[],"yoast_head":"<!-- This site is optimized with the Yoast SEO plugin v27.4 - https:\/\/yoast.com\/product\/yoast-seo-wordpress\/ -->\n<title>Parlez-nous de vos projets - Bo\u00eete \u00e0 outils pour la conservation du papillon monarque<\/title>\n<meta name=\"robots\" content=\"index, follow, max-snippet:-1, max-image-preview:large, max-video-preview:-1\" \/>\n<link rel=\"canonical\" href=\"https:\/\/www.namonarchs.org\/fr\/parlez-nous-de-vos-projets\/\" \/>\n<meta property=\"og:locale\" content=\"fr_CA\" \/>\n<meta property=\"og:type\" content=\"article\" \/>\n<meta property=\"og:title\" content=\"Parlez-nous de vos projets - Bo\u00eete \u00e0 outils pour la conservation du papillon monarque\" \/>\n<meta property=\"og:description\" content=\"Si vous adoptez des mesures favorables aux monarques sur votre terrain, si votre collectivit\u00e9 agit concr\u00e8tement pour la conservation des papillons monarques ou si votre organisation appuie des projets qui favorisent la conservation des monarques et des pollinisateurs, veuillez expliquer dans l\u2019espace ci-dessous comment cette bo\u00eete \u00e0 outils vous a \u00e9t\u00e9 utile et inclure tout [&hellip;]\" \/>\n<meta property=\"og:url\" content=\"https:\/\/www.namonarchs.org\/fr\/parlez-nous-de-vos-projets\/\" \/>\n<meta property=\"og:site_name\" content=\"Bo\u00eete \u00e0 outils pour la conservation du papillon monarque\" \/>\n<meta property=\"article:modified_time\" content=\"2017-12-19T20:44:53+00:00\" \/>\n<meta name=\"twitter:card\" content=\"summary_large_image\" \/>\n<script type=\"application\/ld+json\" class=\"yoast-schema-graph\">{\"@context\":\"https:\\\/\\\/schema.org\",\"@graph\":[{\"@type\":\"WebPage\",\"@id\":\"https:\\\/\\\/www.namonarchs.org\\\/fr\\\/parlez-nous-de-vos-projets\\\/\",\"url\":\"https:\\\/\\\/www.namonarchs.org\\\/fr\\\/parlez-nous-de-vos-projets\\\/\",\"name\":\"Parlez-nous de vos projets - Bo\u00eete \u00e0 outils pour la conservation du papillon monarque\",\"isPartOf\":{\"@id\":\"https:\\\/\\\/www.namonarchs.org\\\/fr\\\/#website\"},\"datePublished\":\"2017-10-03T14:50:05+00:00\",\"dateModified\":\"2017-12-19T20:44:53+00:00\",\"breadcrumb\":{\"@id\":\"https:\\\/\\\/www.namonarchs.org\\\/fr\\\/parlez-nous-de-vos-projets\\\/#breadcrumb\"},\"inLanguage\":\"fr-CA\",\"potentialAction\":[{\"@type\":\"ReadAction\",\"target\":[\"https:\\\/\\\/www.namonarchs.org\\\/fr\\\/parlez-nous-de-vos-projets\\\/\"]}]},{\"@type\":\"BreadcrumbList\",\"@id\":\"https:\\\/\\\/www.namonarchs.org\\\/fr\\\/parlez-nous-de-vos-projets\\\/#breadcrumb\",\"itemListElement\":[{\"@type\":\"ListItem\",\"position\":1,\"name\":\"Home\",\"item\":\"https:\\\/\\\/www.namonarchs.org\\\/fr\\\/\"},{\"@type\":\"ListItem\",\"position\":2,\"name\":\"Parlez-nous de vos projets\"}]},{\"@type\":\"WebSite\",\"@id\":\"https:\\\/\\\/www.namonarchs.org\\\/fr\\\/#website\",\"url\":\"https:\\\/\\\/www.namonarchs.org\\\/fr\\\/\",\"name\":\"Bo\u00eete \u00e0 outils pour la conservation du papillon monarque\",\"description\":\"Monarch conservation temporary subtitle\",\"potentialAction\":[{\"@type\":\"SearchAction\",\"target\":{\"@type\":\"EntryPoint\",\"urlTemplate\":\"https:\\\/\\\/www.namonarchs.org\\\/fr\\\/?s={search_term_string}\"},\"query-input\":{\"@type\":\"PropertyValueSpecification\",\"valueRequired\":true,\"valueName\":\"search_term_string\"}}],\"inLanguage\":\"fr-CA\"}]}<\/script>\n<!-- \/ Yoast SEO plugin. -->","yoast_head_json":{"title":"Parlez-nous de vos projets - Bo\u00eete \u00e0 outils pour la conservation du papillon monarque","robots":{"index":"index","follow":"follow","max-snippet":"max-snippet:-1","max-image-preview":"max-image-preview:large","max-video-preview":"max-video-preview:-1"},"canonical":"https:\/\/www.namonarchs.org\/fr\/parlez-nous-de-vos-projets\/","og_locale":"fr_CA","og_type":"article","og_title":"Parlez-nous de vos projets - Bo\u00eete \u00e0 outils pour la conservation du papillon monarque","og_description":"Si vous adoptez des mesures favorables aux monarques sur votre terrain, si votre collectivit\u00e9 agit concr\u00e8tement pour la conservation des papillons monarques ou si votre organisation appuie des projets qui favorisent la conservation des monarques et des pollinisateurs, veuillez expliquer dans l\u2019espace ci-dessous comment cette bo\u00eete \u00e0 outils vous a \u00e9t\u00e9 utile et inclure tout [&hellip;]","og_url":"https:\/\/www.namonarchs.org\/fr\/parlez-nous-de-vos-projets\/","og_site_name":"Bo\u00eete \u00e0 outils pour la conservation du papillon monarque","article_modified_time":"2017-12-19T20:44:53+00:00","twitter_card":"summary_large_image","schema":{"@context":"https:\/\/schema.org","@graph":[{"@type":"WebPage","@id":"https:\/\/www.namonarchs.org\/fr\/parlez-nous-de-vos-projets\/","url":"https:\/\/www.namonarchs.org\/fr\/parlez-nous-de-vos-projets\/","name":"Parlez-nous de vos projets - Bo\u00eete \u00e0 outils pour la conservation du papillon monarque","isPartOf":{"@id":"https:\/\/www.namonarchs.org\/fr\/#website"},"datePublished":"2017-10-03T14:50:05+00:00","dateModified":"2017-12-19T20:44:53+00:00","breadcrumb":{"@id":"https:\/\/www.namonarchs.org\/fr\/parlez-nous-de-vos-projets\/#breadcrumb"},"inLanguage":"fr-CA","potentialAction":[{"@type":"ReadAction","target":["https:\/\/www.namonarchs.org\/fr\/parlez-nous-de-vos-projets\/"]}]},{"@type":"BreadcrumbList","@id":"https:\/\/www.namonarchs.org\/fr\/parlez-nous-de-vos-projets\/#breadcrumb","itemListElement":[{"@type":"ListItem","position":1,"name":"Home","item":"https:\/\/www.namonarchs.org\/fr\/"},{"@type":"ListItem","position":2,"name":"Parlez-nous de vos projets"}]},{"@type":"WebSite","@id":"https:\/\/www.namonarchs.org\/fr\/#website","url":"https:\/\/www.namonarchs.org\/fr\/","name":"Bo\u00eete \u00e0 outils pour la conservation du papillon monarque","description":"Monarch conservation temporary subtitle","potentialAction":[{"@type":"SearchAction","target":{"@type":"EntryPoint","urlTemplate":"https:\/\/www.namonarchs.org\/fr\/?s={search_term_string}"},"query-input":{"@type":"PropertyValueSpecification","valueRequired":true,"valueName":"search_term_string"}}],"inLanguage":"fr-CA"}]}},"_links":{"self":[{"href":"https:\/\/www.namonarchs.org\/fr\/wp-json\/wp\/v2\/pages\/5198","targetHints":{"allow":["GET"]}}],"collection":[{"href":"https:\/\/www.namonarchs.org\/fr\/wp-json\/wp\/v2\/pages"}],"about":[{"href":"https:\/\/www.namonarchs.org\/fr\/wp-json\/wp\/v2\/types\/page"}],"author":[{"embeddable":true,"href":"https:\/\/www.namonarchs.org\/fr\/wp-json\/wp\/v2\/users\/1"}],"replies":[{"embeddable":true,"href":"https:\/\/www.namonarchs.org\/fr\/wp-json\/wp\/v2\/comments?post=5198"}],"version-history":[{"count":0,"href":"https:\/\/www.namonarchs.org\/fr\/wp-json\/wp\/v2\/pages\/5198\/revisions"}],"wp:attachment":[{"href":"https:\/\/www.namonarchs.org\/fr\/wp-json\/wp\/v2\/media?parent=5198"}],"curies":[{"name":"wp","href":"https:\/\/api.w.org\/{rel}","templated":true}]}}